{"id":50346,"date":"2026-02-24T11:50:15","date_gmt":"2026-02-24T10:50:15","guid":{"rendered":"https:\/\/imprimeideas.es\/?post_type=product&p=50346"},"modified":"2026-02-26T18:27:56","modified_gmt":"2026-02-26T17:27:56","slug":"camiseta-adulto-cocker","status":"publish","type":"product","link":"https:\/\/imprimeideas.es\/en\/product\/camiseta-adulto-cocker\/","title":{"rendered":"Camiseta Adulto Cocker"},"content":{"rendered":"<p>Camiseta t\u00e9cnica confeccionada en tejido Waffle Interlock con funci\u00f3n Cool Dry, manteniendo la piel seca y fresca durante la actividad. Con mangas rangl\u00e1n y cuello redondo, reforzado con cubrecosturas a tono. Incluye paneles inferiores en las mangas a tono y costuras en la sisa.<\/p>","protected":false},"excerpt":{"rendered":"<p>Transpirable<\/p>","protected":false},"featured_media":73828,"comment_status":"open","ping_status":"open","template":"","meta":{"inline_featured_image":false},"product_brand":[],"product_cat":[114],"product_tag":[],"class_list":{"0":"post-50346","1":"product","2":"type-product","3":"status-publish","4":"has-post-thumbnail","6":"product_cat-verano-y-playa","8":"first","9":"instock","10":"taxable","11":"shipping-taxable","12":"purchasable","13":"product-type-variable","14":"has-default-attributes"},"aioseo_notices":[],"_links":{"self":[{"href":"https:\/\/imprimeideas.es\/en\/wp-json\/wp\/v2\/product\/50346","targetHints":{"allow":["GET"]}}],"collection":[{"href":"https:\/\/imprimeideas.es\/en\/wp-json\/wp\/v2\/product"}],"about":[{"href":"https:\/\/imprimeideas.es\/en\/wp-json\/wp\/v2\/types\/product"}],"replies":[{"embeddable":true,"href":"https:\/\/imprimeideas.es\/en\/wp-json\/wp\/v2\/comments?post=50346"}],"version-history":[{"count":1,"href":"https:\/\/imprimeideas.es\/en\/wp-json\/wp\/v2\/product\/50346\/revisions"}],"predecessor-version":[{"id":58136,"href":"https:\/\/imprimeideas.es\/en\/wp-json\/wp\/v2\/product\/50346\/revisions\/58136"}],"wp:featuredmedia":[{"embeddable":true,"href":"https:\/\/imprimeideas.es\/en\/wp-json\/wp\/v2\/media\/73828"}],"wp:attachment":[{"href":"https:\/\/imprimeideas.es\/en\/wp-json\/wp\/v2\/media?parent=50346"}],"wp:term":[{"taxonomy":"product_brand","embeddable":true,"href":"https:\/\/imprimeideas.es\/en\/wp-json\/wp\/v2\/product_brand?post=50346"},{"taxonomy":"product_cat","embeddable":true,"href":"https:\/\/imprimeideas.es\/en\/wp-json\/wp\/v2\/product_cat?post=50346"},{"taxonomy":"product_tag","embeddable":true,"href":"https:\/\/imprimeideas.es\/en\/wp-json\/wp\/v2\/product_tag?post=50346"}],"curies":[{"name":"wp","href":"https:\/\/api.w.org\/{rel}","templated":true}]}}