{"id":50297,"date":"2026-02-24T11:50:09","date_gmt":"2026-02-24T10:50:09","guid":{"rendered":"https:\/\/imprimeideas.es\/?post_type=product&p=50297"},"modified":"2026-02-26T18:13:38","modified_gmt":"2026-02-26T17:13:38","slug":"mochila-hinkle","status":"publish","type":"product","link":"https:\/\/imprimeideas.es\/en\/product\/mochila-hinkle\/","title":{"rendered":"Mochila Hinkle"},"content":{"rendered":"<p>Mochila multifunci\u00f3n fabricada en poli\u00e9ster 420D. Cuenta con una excelente transpirabilidad en la zona trasera y en la cinta para los hombros, facilitando la disipaci\u00f3n del calor gracias a sus cintas y respaldo acolchados. Las cintas anchas est\u00e1n dise\u00f1adas para aliviar la presi\u00f3n en los hombros, permitiendo llevar la mochila c\u00f3modamente durante largos periodos.Perfecta para cualquier situaci\u00f3n por tener m\u00faltiples compartimentos:2 bolsillos frontales.3 compartimentos grandes centrales, uno de ellos portatodo, un bolsillo central de gran capacidad para guardad ropa y\/o complementos con organizador en su interior, y dos m\u00e1s acolchados, perfectos para llevar port\u00e1til de hasta 15 pulgadas y tablet hasta 12 pulgadas.Adem\u00e1s, cuenta con un bolsillo lateral perfecto para tener acceso r\u00e1pido. Perfecta para viajes o para el d\u00eda a d\u00eda por sus cintas ajustables, adapt\u00e1ndose a todo estilo de vida.<\/p>","protected":false},"excerpt":{"rendered":"<p>Bolsillo Acolchado para Port\u00e1til y Tablet. Parte Trasera y Cintas Acolchadas<\/p>","protected":false},"featured_media":68882,"comment_status":"open","ping_status":"open","template":"","meta":{"inline_featured_image":false},"product_brand":[],"product_cat":[94],"product_tag":[],"class_list":{"0":"post-50297","1":"product","2":"type-product","3":"status-publish","4":"has-post-thumbnail","6":"product_cat-mochilas","8":"first","9":"instock","10":"taxable","11":"shipping-taxable","12":"purchasable","13":"product-type-variable","14":"has-default-attributes"},"aioseo_notices":[],"_links":{"self":[{"href":"https:\/\/imprimeideas.es\/en\/wp-json\/wp\/v2\/product\/50297","targetHints":{"allow":["GET"]}}],"collection":[{"href":"https:\/\/imprimeideas.es\/en\/wp-json\/wp\/v2\/product"}],"about":[{"href":"https:\/\/imprimeideas.es\/en\/wp-json\/wp\/v2\/types\/product"}],"replies":[{"embeddable":true,"href":"https:\/\/imprimeideas.es\/en\/wp-json\/wp\/v2\/comments?post=50297"}],"version-history":[{"count":1,"href":"https:\/\/imprimeideas.es\/en\/wp-json\/wp\/v2\/product\/50297\/revisions"}],"predecessor-version":[{"id":58128,"href":"https:\/\/imprimeideas.es\/en\/wp-json\/wp\/v2\/product\/50297\/revisions\/58128"}],"wp:featuredmedia":[{"embeddable":true,"href":"https:\/\/imprimeideas.es\/en\/wp-json\/wp\/v2\/media\/68882"}],"wp:attachment":[{"href":"https:\/\/imprimeideas.es\/en\/wp-json\/wp\/v2\/media?parent=50297"}],"wp:term":[{"taxonomy":"product_brand","embeddable":true,"href":"https:\/\/imprimeideas.es\/en\/wp-json\/wp\/v2\/product_brand?post=50297"},{"taxonomy":"product_cat","embeddable":true,"href":"https:\/\/imprimeideas.es\/en\/wp-json\/wp\/v2\/product_cat?post=50297"},{"taxonomy":"product_tag","embeddable":true,"href":"https:\/\/imprimeideas.es\/en\/wp-json\/wp\/v2\/product_tag?post=50297"}],"curies":[{"name":"wp","href":"https:\/\/api.w.org\/{rel}","templated":true}]}}