{"id":50290,"date":"2026-02-24T11:50:08","date_gmt":"2026-02-24T10:50:08","guid":{"rendered":"https:\/\/imprimeideas.es\/?post_type=product&p=50290"},"modified":"2026-02-26T18:37:31","modified_gmt":"2026-02-26T17:37:31","slug":"rinonera-kaply","status":"publish","type":"product","link":"https:\/\/imprimeideas.es\/en\/product\/rinonera-kaply\/","title":{"rendered":"Ri\u00f1onera Kaply"},"content":{"rendered":"<p>Ri\u00f1onera de dise\u00f1o fabricada en PU. Cuenta con un bolsillo central cierre de cremallera y cinta ajustable con cierre de hebilla. Adem\u00e1s, incluye bolsillo trasero con cierre de cremallera para mayor seguridad.<\/p>","protected":false},"excerpt":{"rendered":"<p>Ri\u00f1onera de dise\u00f1o fabricada en PU. Cuenta con un bolsillo central cierre de cremallera y cinta ajustable con cierre de<\/p>","protected":false},"featured_media":61132,"comment_status":"open","ping_status":"open","template":"","meta":{"inline_featured_image":false},"product_brand":[],"product_cat":[94],"product_tag":[],"class_list":{"0":"post-50290","1":"product","2":"type-product","3":"status-publish","4":"has-post-thumbnail","6":"product_cat-mochilas","8":"first","9":"instock","10":"taxable","11":"shipping-taxable","12":"purchasable","13":"product-type-variable","14":"has-default-attributes"},"aioseo_notices":[],"_links":{"self":[{"href":"https:\/\/imprimeideas.es\/en\/wp-json\/wp\/v2\/product\/50290","targetHints":{"allow":["GET"]}}],"collection":[{"href":"https:\/\/imprimeideas.es\/en\/wp-json\/wp\/v2\/product"}],"about":[{"href":"https:\/\/imprimeideas.es\/en\/wp-json\/wp\/v2\/types\/product"}],"replies":[{"embeddable":true,"href":"https:\/\/imprimeideas.es\/en\/wp-json\/wp\/v2\/comments?post=50290"}],"version-history":[{"count":1,"href":"https:\/\/imprimeideas.es\/en\/wp-json\/wp\/v2\/product\/50290\/revisions"}],"predecessor-version":[{"id":58126,"href":"https:\/\/imprimeideas.es\/en\/wp-json\/wp\/v2\/product\/50290\/revisions\/58126"}],"wp:featuredmedia":[{"embeddable":true,"href":"https:\/\/imprimeideas.es\/en\/wp-json\/wp\/v2\/media\/61132"}],"wp:attachment":[{"href":"https:\/\/imprimeideas.es\/en\/wp-json\/wp\/v2\/media?parent=50290"}],"wp:term":[{"taxonomy":"product_brand","embeddable":true,"href":"https:\/\/imprimeideas.es\/en\/wp-json\/wp\/v2\/product_brand?post=50290"},{"taxonomy":"product_cat","embeddable":true,"href":"https:\/\/imprimeideas.es\/en\/wp-json\/wp\/v2\/product_cat?post=50290"},{"taxonomy":"product_tag","embeddable":true,"href":"https:\/\/imprimeideas.es\/en\/wp-json\/wp\/v2\/product_tag?post=50290"}],"curies":[{"name":"wp","href":"https:\/\/api.w.org\/{rel}","templated":true}]}}