{"id":50286,"date":"2026-02-24T11:50:07","date_gmt":"2026-02-24T10:50:07","guid":{"rendered":"https:\/\/imprimeideas.es\/?post_type=product&p=50286"},"modified":"2026-02-26T18:13:36","modified_gmt":"2026-02-26T17:13:36","slug":"lampara-madison","status":"publish","type":"product","link":"https:\/\/imprimeideas.es\/en\/product\/lampara-madison\/","title":{"rendered":"L\u00e1mpara Madison"},"content":{"rendered":"<p>L\u00e1mpara de dise\u00f1o en acabado cromado. Fabricada en ABS y  aluminio. Incluye 3 modos de luz (blanca, neutra y c\u00e1lida). Equipada con 17 LEDs. Con bot\u00f3n encendido\/apagado, alimentada por 3 pilas AAA -no incluidas-.<\/p>","protected":false},"excerpt":{"rendered":"<p>17 Ledes. 3 Posiciones de Luz. 3 Pilas AAA No Incluidas<\/p>","protected":false},"featured_media":72881,"comment_status":"open","ping_status":"open","template":"","meta":{"inline_featured_image":false},"product_brand":[],"product_cat":[104,105],"product_tag":[],"class_list":{"0":"post-50286","1":"product","2":"type-product","3":"status-publish","4":"has-post-thumbnail","6":"product_cat-hogar-y-decoracion","7":"product_cat-vino-accesorios-de-bebida-y-hosteleria","9":"first","10":"instock","11":"taxable","12":"shipping-taxable","13":"purchasable","14":"product-type-variable","15":"has-default-attributes"},"aioseo_notices":[],"_links":{"self":[{"href":"https:\/\/imprimeideas.es\/en\/wp-json\/wp\/v2\/product\/50286","targetHints":{"allow":["GET"]}}],"collection":[{"href":"https:\/\/imprimeideas.es\/en\/wp-json\/wp\/v2\/product"}],"about":[{"href":"https:\/\/imprimeideas.es\/en\/wp-json\/wp\/v2\/types\/product"}],"replies":[{"embeddable":true,"href":"https:\/\/imprimeideas.es\/en\/wp-json\/wp\/v2\/comments?post=50286"}],"version-history":[{"count":1,"href":"https:\/\/imprimeideas.es\/en\/wp-json\/wp\/v2\/product\/50286\/revisions"}],"predecessor-version":[{"id":58125,"href":"https:\/\/imprimeideas.es\/en\/wp-json\/wp\/v2\/product\/50286\/revisions\/58125"}],"wp:featuredmedia":[{"embeddable":true,"href":"https:\/\/imprimeideas.es\/en\/wp-json\/wp\/v2\/media\/72881"}],"wp:attachment":[{"href":"https:\/\/imprimeideas.es\/en\/wp-json\/wp\/v2\/media?parent=50286"}],"wp:term":[{"taxonomy":"product_brand","embeddable":true,"href":"https:\/\/imprimeideas.es\/en\/wp-json\/wp\/v2\/product_brand?post=50286"},{"taxonomy":"product_cat","embeddable":true,"href":"https:\/\/imprimeideas.es\/en\/wp-json\/wp\/v2\/product_cat?post=50286"},{"taxonomy":"product_tag","embeddable":true,"href":"https:\/\/imprimeideas.es\/en\/wp-json\/wp\/v2\/product_tag?post=50286"}],"curies":[{"name":"wp","href":"https:\/\/api.w.org\/{rel}","templated":true}]}}