{"id":50259,"date":"2026-02-24T11:50:04","date_gmt":"2026-02-24T10:50:04","guid":{"rendered":"https:\/\/imprimeideas.es\/?post_type=product&p=50259"},"modified":"2026-02-26T18:08:05","modified_gmt":"2026-02-26T17:08:05","slug":"llavero-klapson","status":"publish","type":"product","link":"https:\/\/imprimeideas.es\/en\/product\/llavero-klapson\/","title":{"rendered":"Llavero Klapson"},"content":{"rendered":"<p>Llavero elaborado en aluminio con dise\u00f1o redondo en color negro. Ideal para grabado l\u00e1ser con acabado a color por ambos lados del llavero con efecto espejo. Incluye una anilla met\u00e1lica a juego para resultado elegante.<\/p>","protected":false},"excerpt":{"rendered":"<p>Llavero elaborado en aluminio con dise\u00f1o redondo en color negro. Ideal para grabado l\u00e1ser con acabado a color por ambos<\/p>","protected":false},"featured_media":72271,"comment_status":"open","ping_status":"open","template":"","meta":{"inline_featured_image":false},"product_brand":[],"product_cat":[106],"product_tag":[],"class_list":{"0":"post-50259","1":"product","2":"type-product","3":"status-publish","4":"has-post-thumbnail","6":"product_cat-regalos-y-premiums","8":"first","9":"instock","10":"taxable","11":"shipping-taxable","12":"purchasable","13":"product-type-variable","14":"has-default-attributes"},"aioseo_notices":[],"_links":{"self":[{"href":"https:\/\/imprimeideas.es\/en\/wp-json\/wp\/v2\/product\/50259","targetHints":{"allow":["GET"]}}],"collection":[{"href":"https:\/\/imprimeideas.es\/en\/wp-json\/wp\/v2\/product"}],"about":[{"href":"https:\/\/imprimeideas.es\/en\/wp-json\/wp\/v2\/types\/product"}],"replies":[{"embeddable":true,"href":"https:\/\/imprimeideas.es\/en\/wp-json\/wp\/v2\/comments?post=50259"}],"version-history":[{"count":1,"href":"https:\/\/imprimeideas.es\/en\/wp-json\/wp\/v2\/product\/50259\/revisions"}],"predecessor-version":[{"id":58119,"href":"https:\/\/imprimeideas.es\/en\/wp-json\/wp\/v2\/product\/50259\/revisions\/58119"}],"wp:featuredmedia":[{"embeddable":true,"href":"https:\/\/imprimeideas.es\/en\/wp-json\/wp\/v2\/media\/72271"}],"wp:attachment":[{"href":"https:\/\/imprimeideas.es\/en\/wp-json\/wp\/v2\/media?parent=50259"}],"wp:term":[{"taxonomy":"product_brand","embeddable":true,"href":"https:\/\/imprimeideas.es\/en\/wp-json\/wp\/v2\/product_brand?post=50259"},{"taxonomy":"product_cat","embeddable":true,"href":"https:\/\/imprimeideas.es\/en\/wp-json\/wp\/v2\/product_cat?post=50259"},{"taxonomy":"product_tag","embeddable":true,"href":"https:\/\/imprimeideas.es\/en\/wp-json\/wp\/v2\/product_tag?post=50259"}],"curies":[{"name":"wp","href":"https:\/\/api.w.org\/{rel}","templated":true}]}}