{"id":50245,"date":"2026-02-24T11:49:50","date_gmt":"2026-02-24T10:49:50","guid":{"rendered":"https:\/\/imprimeideas.es\/?post_type=product&p=50245"},"modified":"2026-02-26T18:33:07","modified_gmt":"2026-02-26T17:33:07","slug":"lampara-kirsten","status":"publish","type":"product","link":"https:\/\/imprimeideas.es\/en\/product\/lampara-kirsten\/","title":{"rendered":"L\u00e1mpara Kirsten"},"content":{"rendered":"<p>L\u00e1mpara de dise\u00f1o en acabado negro mate. Incluye sistema de regulaci\u00f3n de intensidad de luz t\u00e1ctil y con cuerpo plegable para ajustarlo en altura. Equipada con bater\u00eda de 800mAh recargable por USB Tipo C -cable incluido- y 12 LEDs de luz c\u00e1lida. Con bot\u00f3n encendido\/apagado en la parte trasera.<\/p>","protected":false},"excerpt":{"rendered":"<p>12 Ledes. Plegable. Intensidad de Luz Regulable. Bater\u00eda 800 mAh<\/p>","protected":false},"featured_media":53944,"comment_status":"open","ping_status":"open","template":"","meta":{"inline_featured_image":false},"product_brand":[],"product_cat":[104],"product_tag":[],"class_list":{"0":"post-50245","1":"product","2":"type-product","3":"status-publish","4":"has-post-thumbnail","6":"product_cat-hogar-y-decoracion","8":"first","9":"instock","10":"taxable","11":"shipping-taxable","12":"purchasable","13":"product-type-variable","14":"has-default-attributes"},"aioseo_notices":[],"_links":{"self":[{"href":"https:\/\/imprimeideas.es\/en\/wp-json\/wp\/v2\/product\/50245","targetHints":{"allow":["GET"]}}],"collection":[{"href":"https:\/\/imprimeideas.es\/en\/wp-json\/wp\/v2\/product"}],"about":[{"href":"https:\/\/imprimeideas.es\/en\/wp-json\/wp\/v2\/types\/product"}],"replies":[{"embeddable":true,"href":"https:\/\/imprimeideas.es\/en\/wp-json\/wp\/v2\/comments?post=50245"}],"version-history":[{"count":1,"href":"https:\/\/imprimeideas.es\/en\/wp-json\/wp\/v2\/product\/50245\/revisions"}],"predecessor-version":[{"id":58115,"href":"https:\/\/imprimeideas.es\/en\/wp-json\/wp\/v2\/product\/50245\/revisions\/58115"}],"wp:featuredmedia":[{"embeddable":true,"href":"https:\/\/imprimeideas.es\/en\/wp-json\/wp\/v2\/media\/53944"}],"wp:attachment":[{"href":"https:\/\/imprimeideas.es\/en\/wp-json\/wp\/v2\/media?parent=50245"}],"wp:term":[{"taxonomy":"product_brand","embeddable":true,"href":"https:\/\/imprimeideas.es\/en\/wp-json\/wp\/v2\/product_brand?post=50245"},{"taxonomy":"product_cat","embeddable":true,"href":"https:\/\/imprimeideas.es\/en\/wp-json\/wp\/v2\/product_cat?post=50245"},{"taxonomy":"product_tag","embeddable":true,"href":"https:\/\/imprimeideas.es\/en\/wp-json\/wp\/v2\/product_tag?post=50245"}],"curies":[{"name":"wp","href":"https:\/\/api.w.org\/{rel}","templated":true}]}}