{"id":50238,"date":"2026-02-24T11:49:49","date_gmt":"2026-02-24T10:49:49","guid":{"rendered":"https:\/\/imprimeideas.es\/?post_type=product&p=50238"},"modified":"2026-02-26T18:28:02","modified_gmt":"2026-02-26T17:28:02","slug":"bloc-notas-bochum","status":"publish","type":"product","link":"https:\/\/imprimeideas.es\/en\/product\/bloc-notas-bochum\/","title":{"rendered":"Bloc Notas Bochum"},"content":{"rendered":"<p>Bloc con notas adhesivas en cart\u00f3n reciclado. Con tapas r\u00edgidas y 80 hojas lisas. En la cubierta interior de la portada incluye: 25 hojas adhesivas amarillas, 125 mini notas adhesivas de variados colores y pr\u00e1ctico tarjetero en color kraft. Con soporte para bol\u00edgrafos y cinta el\u00e1stica a juego.El Cart\u00f3n Reciclado proviene del reaprovechamiento de excedente de fabricaciones y reciclaje de papel en el final de su vida \u00fatil, convirti\u00e9ndose en un lienzo ecol\u00f3gico y sostenible.<\/p>","protected":false},"excerpt":{"rendered":"<p>Portada R\u00edgida. 80 Hojas. 25 Notas Adhesivas 5 x 7,3 cm. 125 Mininotas Adhesivas 1,4 x 4,5 cm<\/p>","protected":false},"featured_media":69108,"comment_status":"open","ping_status":"open","template":"","meta":{"inline_featured_image":false},"product_brand":[],"product_cat":[96],"product_tag":[],"class_list":{"0":"post-50238","1":"product","2":"type-product","3":"status-publish","4":"has-post-thumbnail","6":"product_cat-oficina-y-negocios","8":"first","9":"instock","10":"taxable","11":"shipping-taxable","12":"purchasable","13":"product-type-variable","14":"has-default-attributes"},"aioseo_notices":[],"_links":{"self":[{"href":"https:\/\/imprimeideas.es\/en\/wp-json\/wp\/v2\/product\/50238","targetHints":{"allow":["GET"]}}],"collection":[{"href":"https:\/\/imprimeideas.es\/en\/wp-json\/wp\/v2\/product"}],"about":[{"href":"https:\/\/imprimeideas.es\/en\/wp-json\/wp\/v2\/types\/product"}],"replies":[{"embeddable":true,"href":"https:\/\/imprimeideas.es\/en\/wp-json\/wp\/v2\/comments?post=50238"}],"version-history":[{"count":1,"href":"https:\/\/imprimeideas.es\/en\/wp-json\/wp\/v2\/product\/50238\/revisions"}],"predecessor-version":[{"id":58113,"href":"https:\/\/imprimeideas.es\/en\/wp-json\/wp\/v2\/product\/50238\/revisions\/58113"}],"wp:featuredmedia":[{"embeddable":true,"href":"https:\/\/imprimeideas.es\/en\/wp-json\/wp\/v2\/media\/69108"}],"wp:attachment":[{"href":"https:\/\/imprimeideas.es\/en\/wp-json\/wp\/v2\/media?parent=50238"}],"wp:term":[{"taxonomy":"product_brand","embeddable":true,"href":"https:\/\/imprimeideas.es\/en\/wp-json\/wp\/v2\/product_brand?post=50238"},{"taxonomy":"product_cat","embeddable":true,"href":"https:\/\/imprimeideas.es\/en\/wp-json\/wp\/v2\/product_cat?post=50238"},{"taxonomy":"product_tag","embeddable":true,"href":"https:\/\/imprimeideas.es\/en\/wp-json\/wp\/v2\/product_tag?post=50238"}],"curies":[{"name":"wp","href":"https:\/\/api.w.org\/{rel}","templated":true}]}}