{"id":50211,"date":"2026-02-24T11:49:46","date_gmt":"2026-02-24T10:49:46","guid":{"rendered":"https:\/\/imprimeideas.es\/?post_type=product&p=50211"},"modified":"2026-02-26T18:28:07","modified_gmt":"2026-02-26T17:28:07","slug":"termometro-galileo","status":"publish","type":"product","link":"https:\/\/imprimeideas.es\/en\/product\/termometro-galileo\/","title":{"rendered":"Term\u00f3metro Galileo"},"content":{"rendered":"<p>Term\u00f3metro Galileo en vidrio de borosilicato de dise\u00f1o elegante y compacto. Con 5 ampollas de vidrio de colores (morado, verde, naranja, azul y rojo) que indican temperaturas en \u00b0C y \u00b0F mediante etiquetas doradas, las cuales se mueven por el term\u00f3metro en funci\u00f3n de la temperatura del exterior.<\/p>","protected":false},"excerpt":{"rendered":"<p>Term\u00f3metro Galileo en vidrio de borosilicato de dise\u00f1o elegante y compacto. Con 5 ampollas de vidrio de colores (morado, verde,<\/p>","protected":false},"featured_media":53976,"comment_status":"open","ping_status":"open","template":"","meta":{"inline_featured_image":false},"product_brand":[],"product_cat":[104],"product_tag":[],"class_list":{"0":"post-50211","1":"product","2":"type-product","3":"status-publish","4":"has-post-thumbnail","6":"product_cat-hogar-y-decoracion","8":"first","9":"instock","10":"taxable","11":"shipping-taxable","12":"purchasable","13":"product-type-variable","14":"has-default-attributes"},"aioseo_notices":[],"_links":{"self":[{"href":"https:\/\/imprimeideas.es\/en\/wp-json\/wp\/v2\/product\/50211","targetHints":{"allow":["GET"]}}],"collection":[{"href":"https:\/\/imprimeideas.es\/en\/wp-json\/wp\/v2\/product"}],"about":[{"href":"https:\/\/imprimeideas.es\/en\/wp-json\/wp\/v2\/types\/product"}],"replies":[{"embeddable":true,"href":"https:\/\/imprimeideas.es\/en\/wp-json\/wp\/v2\/comments?post=50211"}],"version-history":[{"count":1,"href":"https:\/\/imprimeideas.es\/en\/wp-json\/wp\/v2\/product\/50211\/revisions"}],"predecessor-version":[{"id":58106,"href":"https:\/\/imprimeideas.es\/en\/wp-json\/wp\/v2\/product\/50211\/revisions\/58106"}],"wp:featuredmedia":[{"embeddable":true,"href":"https:\/\/imprimeideas.es\/en\/wp-json\/wp\/v2\/media\/53976"}],"wp:attachment":[{"href":"https:\/\/imprimeideas.es\/en\/wp-json\/wp\/v2\/media?parent=50211"}],"wp:term":[{"taxonomy":"product_brand","embeddable":true,"href":"https:\/\/imprimeideas.es\/en\/wp-json\/wp\/v2\/product_brand?post=50211"},{"taxonomy":"product_cat","embeddable":true,"href":"https:\/\/imprimeideas.es\/en\/wp-json\/wp\/v2\/product_cat?post=50211"},{"taxonomy":"product_tag","embeddable":true,"href":"https:\/\/imprimeideas.es\/en\/wp-json\/wp\/v2\/product_tag?post=50211"}],"curies":[{"name":"wp","href":"https:\/\/api.w.org\/{rel}","templated":true}]}}