{"id":50206,"date":"2026-02-24T11:49:45","date_gmt":"2026-02-24T10:49:45","guid":{"rendered":"https:\/\/imprimeideas.es\/?post_type=product&p=50206"},"modified":"2026-02-26T18:27:54","modified_gmt":"2026-02-26T17:27:54","slug":"localizador-brittany","status":"publish","type":"product","link":"https:\/\/imprimeideas.es\/en\/product\/localizador-brittany\/","title":{"rendered":"Localizador Brittany"},"content":{"rendered":"<p>Localizador inteligente con sistema Apple Find My, funci\u00f3n anti-p\u00e9rdida, que permite identificar la ubicaci\u00f3n de los objetos asociados mediante la activaci\u00f3n del modo b\u00fasqueda en los dispositivos vinculados.Cuando el objeto se encuentra dentro del radio cercano, es posible localizarlo mediante sonidos. Si el objeto est\u00e1 fuera de alcance, se podr\u00e1 consultar su \u00faltima ubicaci\u00f3n registrada.Incorpora un modo perdido que, al ser activado, permite que otros dispositivos cercanos lean un mensaje personalizado, facilitando la recuperaci\u00f3n del objeto extraviado.<\/p>","protected":false},"excerpt":{"rendered":"<p>Conexi\u00f3n Bluetooth. Funda PU. Pila Bot\u00f3n Incluida<\/p>","protected":false},"featured_media":69850,"comment_status":"open","ping_status":"open","template":"","meta":{"inline_featured_image":false},"product_brand":[],"product_cat":[95],"product_tag":[],"class_list":{"0":"post-50206","1":"product","2":"type-product","3":"status-publish","4":"has-post-thumbnail","6":"product_cat-tecnologia-y-accesorios","8":"first","9":"outofstock","10":"taxable","11":"shipping-taxable","12":"purchasable","13":"product-type-variable","14":"has-default-attributes"},"aioseo_notices":[],"_links":{"self":[{"href":"https:\/\/imprimeideas.es\/en\/wp-json\/wp\/v2\/product\/50206","targetHints":{"allow":["GET"]}}],"collection":[{"href":"https:\/\/imprimeideas.es\/en\/wp-json\/wp\/v2\/product"}],"about":[{"href":"https:\/\/imprimeideas.es\/en\/wp-json\/wp\/v2\/types\/product"}],"replies":[{"embeddable":true,"href":"https:\/\/imprimeideas.es\/en\/wp-json\/wp\/v2\/comments?post=50206"}],"version-history":[{"count":1,"href":"https:\/\/imprimeideas.es\/en\/wp-json\/wp\/v2\/product\/50206\/revisions"}],"predecessor-version":[{"id":58104,"href":"https:\/\/imprimeideas.es\/en\/wp-json\/wp\/v2\/product\/50206\/revisions\/58104"}],"wp:featuredmedia":[{"embeddable":true,"href":"https:\/\/imprimeideas.es\/en\/wp-json\/wp\/v2\/media\/69850"}],"wp:attachment":[{"href":"https:\/\/imprimeideas.es\/en\/wp-json\/wp\/v2\/media?parent=50206"}],"wp:term":[{"taxonomy":"product_brand","embeddable":true,"href":"https:\/\/imprimeideas.es\/en\/wp-json\/wp\/v2\/product_brand?post=50206"},{"taxonomy":"product_cat","embeddable":true,"href":"https:\/\/imprimeideas.es\/en\/wp-json\/wp\/v2\/product_cat?post=50206"},{"taxonomy":"product_tag","embeddable":true,"href":"https:\/\/imprimeideas.es\/en\/wp-json\/wp\/v2\/product_tag?post=50206"}],"curies":[{"name":"wp","href":"https:\/\/api.w.org\/{rel}","templated":true}]}}