{"id":50198,"date":"2026-02-24T11:49:44","date_gmt":"2026-02-24T10:49:44","guid":{"rendered":"https:\/\/imprimeideas.es\/?post_type=product&p=50198"},"modified":"2026-02-26T18:42:32","modified_gmt":"2026-02-26T17:42:32","slug":"encendedor-electrico-llavero-parris","status":"publish","type":"product","link":"https:\/\/imprimeideas.es\/en\/product\/encendedor-electrico-llavero-parris\/","title":{"rendered":"Encendedor El\u00e9ctrico Llavero Parris"},"content":{"rendered":"<p>Encendedor el\u00e9ctrico con alimentaci\u00f3n directa mediante conexi\u00f3n Tipo C, perfecto para encender cigarrillos de forma c\u00f3moda. Fabricado con una carcasa de aluminio duradera y equipado con un bot\u00f3n de encendido. Dise\u00f1o compacto y port\u00e1til incluye un aro met\u00e1lico para usar como llavero.<\/p>","protected":false},"excerpt":{"rendered":"<p>Conexi\u00f3n Tipo C<\/p>","protected":false},"featured_media":71398,"comment_status":"open","ping_status":"open","template":"","meta":{"inline_featured_image":false},"product_brand":[],"product_cat":[106],"product_tag":[],"class_list":{"0":"post-50198","1":"product","2":"type-product","3":"status-publish","4":"has-post-thumbnail","6":"product_cat-regalos-y-premiums","8":"first","9":"instock","10":"taxable","11":"shipping-taxable","12":"purchasable","13":"product-type-variable","14":"has-default-attributes"},"aioseo_notices":[],"_links":{"self":[{"href":"https:\/\/imprimeideas.es\/en\/wp-json\/wp\/v2\/product\/50198","targetHints":{"allow":["GET"]}}],"collection":[{"href":"https:\/\/imprimeideas.es\/en\/wp-json\/wp\/v2\/product"}],"about":[{"href":"https:\/\/imprimeideas.es\/en\/wp-json\/wp\/v2\/types\/product"}],"replies":[{"embeddable":true,"href":"https:\/\/imprimeideas.es\/en\/wp-json\/wp\/v2\/comments?post=50198"}],"version-history":[{"count":1,"href":"https:\/\/imprimeideas.es\/en\/wp-json\/wp\/v2\/product\/50198\/revisions"}],"predecessor-version":[{"id":58102,"href":"https:\/\/imprimeideas.es\/en\/wp-json\/wp\/v2\/product\/50198\/revisions\/58102"}],"wp:featuredmedia":[{"embeddable":true,"href":"https:\/\/imprimeideas.es\/en\/wp-json\/wp\/v2\/media\/71398"}],"wp:attachment":[{"href":"https:\/\/imprimeideas.es\/en\/wp-json\/wp\/v2\/media?parent=50198"}],"wp:term":[{"taxonomy":"product_brand","embeddable":true,"href":"https:\/\/imprimeideas.es\/en\/wp-json\/wp\/v2\/product_brand?post=50198"},{"taxonomy":"product_cat","embeddable":true,"href":"https:\/\/imprimeideas.es\/en\/wp-json\/wp\/v2\/product_cat?post=50198"},{"taxonomy":"product_tag","embeddable":true,"href":"https:\/\/imprimeideas.es\/en\/wp-json\/wp\/v2\/product_tag?post=50198"}],"curies":[{"name":"wp","href":"https:\/\/api.w.org\/{rel}","templated":true}]}}