{"id":50195,"date":"2026-02-24T11:49:44","date_gmt":"2026-02-24T10:49:44","guid":{"rendered":"https:\/\/imprimeideas.es\/?post_type=product&p=50195"},"modified":"2026-02-26T18:37:29","modified_gmt":"2026-02-26T17:37:29","slug":"lampara-multifuncion-cranston","status":"publish","type":"product","link":"https:\/\/imprimeideas.es\/en\/product\/lampara-multifuncion-cranston\/","title":{"rendered":"L\u00e1mpara Multifunci\u00f3n Cranston"},"content":{"rendered":"<p>L\u00e1mpara multifunci\u00f3n fabricada en resistente ABS. Con cargador inal\u00e1mbrico de 15W integrado y 32 LEDs en un aro plegable que tambi\u00e9n hace de soporte. Compatible con dispositivos m\u00f3viles de carga inal\u00e1mbrica y con cable cargador Tipo C -incluido-. Disponible manual de instrucciones en espa\u00f1ol e ingl\u00e9s.Fabricada conforme a los est\u00e1ndares RoHS y en cumplimiento con los siguientes requisitos de seguridad:Sistema de protecci\u00f3n contra sobrecalentamiento.Sistema de protecci\u00f3n contra sobrecarga.Sistema de bloqueo para evitar cortocircuitos.<\/p>","protected":false},"excerpt":{"rendered":"<p>32 Ledes. Intensidad de Luz Regulable. Cargador Inal\u00e1mbrico 15W. Conexi\u00f3n USB<\/p>","protected":false},"featured_media":85725,"comment_status":"open","ping_status":"open","template":"","meta":{"inline_featured_image":false},"product_brand":[],"product_cat":[95],"product_tag":[],"class_list":{"0":"post-50195","1":"product","2":"type-product","3":"status-publish","4":"has-post-thumbnail","6":"product_cat-tecnologia-y-accesorios","8":"first","9":"instock","10":"taxable","11":"shipping-taxable","12":"purchasable","13":"product-type-variable","14":"has-default-attributes"},"aioseo_notices":[],"_links":{"self":[{"href":"https:\/\/imprimeideas.es\/en\/wp-json\/wp\/v2\/product\/50195","targetHints":{"allow":["GET"]}}],"collection":[{"href":"https:\/\/imprimeideas.es\/en\/wp-json\/wp\/v2\/product"}],"about":[{"href":"https:\/\/imprimeideas.es\/en\/wp-json\/wp\/v2\/types\/product"}],"replies":[{"embeddable":true,"href":"https:\/\/imprimeideas.es\/en\/wp-json\/wp\/v2\/comments?post=50195"}],"version-history":[{"count":1,"href":"https:\/\/imprimeideas.es\/en\/wp-json\/wp\/v2\/product\/50195\/revisions"}],"predecessor-version":[{"id":58101,"href":"https:\/\/imprimeideas.es\/en\/wp-json\/wp\/v2\/product\/50195\/revisions\/58101"}],"wp:featuredmedia":[{"embeddable":true,"href":"https:\/\/imprimeideas.es\/en\/wp-json\/wp\/v2\/media\/85725"}],"wp:attachment":[{"href":"https:\/\/imprimeideas.es\/en\/wp-json\/wp\/v2\/media?parent=50195"}],"wp:term":[{"taxonomy":"product_brand","embeddable":true,"href":"https:\/\/imprimeideas.es\/en\/wp-json\/wp\/v2\/product_brand?post=50195"},{"taxonomy":"product_cat","embeddable":true,"href":"https:\/\/imprimeideas.es\/en\/wp-json\/wp\/v2\/product_cat?post=50195"},{"taxonomy":"product_tag","embeddable":true,"href":"https:\/\/imprimeideas.es\/en\/wp-json\/wp\/v2\/product_tag?post=50195"}],"curies":[{"name":"wp","href":"https:\/\/api.w.org\/{rel}","templated":true}]}}