{"id":50188,"date":"2026-02-24T11:49:43","date_gmt":"2026-02-24T10:49:43","guid":{"rendered":"https:\/\/imprimeideas.es\/?post_type=product&p=50188"},"modified":"2026-02-26T18:32:49","modified_gmt":"2026-02-26T17:32:49","slug":"reloj-multifuncion-quinn","status":"publish","type":"product","link":"https:\/\/imprimeideas.es\/en\/product\/reloj-multifuncion-quinn\/","title":{"rendered":"Reloj Multifunci\u00f3n Quinn"},"content":{"rendered":"<p>Reloj multifunci\u00f3n 5 en 1. Incluye m\u00faltiples funciones:-Cargador inal\u00e1mbrico de 15W- L\u00e1mpara con luz c\u00e1lida e intensidad regulable, ideal para crear ambientes agradables- Altavoz de 5W- Funci\u00f3n hora (12\/24h) y alarma- Indicador de temperatura y fechaCon pantalla retroiluminada y bater\u00eda de 1200 mAh. Compatible con dispositivos equipados con tecnolog\u00eda de carga inal\u00e1mbrica Qi. Fabricado en ABS blanco en combinaci\u00f3n de poli\u00e9ster. Con entrada USB Tipo C -cable incluido -.<\/p>","protected":false},"excerpt":{"rendered":"<p>L\u00e1mpara 26 Ledes. Intensidad de Luz Regulable. Altavoz Conexi\u00f3n Bluetooth. Potencia Sonido 5W. Bater\u00eda 1200 mAh. Cargador Inal\u00e1mbrico 15W<\/p>","protected":false},"featured_media":76391,"comment_status":"open","ping_status":"open","template":"","meta":{"inline_featured_image":false},"product_brand":[],"product_cat":[95],"product_tag":[],"class_list":{"0":"post-50188","1":"product","2":"type-product","3":"status-publish","4":"has-post-thumbnail","6":"product_cat-tecnologia-y-accesorios","8":"first","9":"instock","10":"taxable","11":"shipping-taxable","12":"purchasable","13":"product-type-variable","14":"has-default-attributes"},"aioseo_notices":[],"_links":{"self":[{"href":"https:\/\/imprimeideas.es\/en\/wp-json\/wp\/v2\/product\/50188","targetHints":{"allow":["GET"]}}],"collection":[{"href":"https:\/\/imprimeideas.es\/en\/wp-json\/wp\/v2\/product"}],"about":[{"href":"https:\/\/imprimeideas.es\/en\/wp-json\/wp\/v2\/types\/product"}],"replies":[{"embeddable":true,"href":"https:\/\/imprimeideas.es\/en\/wp-json\/wp\/v2\/comments?post=50188"}],"version-history":[{"count":1,"href":"https:\/\/imprimeideas.es\/en\/wp-json\/wp\/v2\/product\/50188\/revisions"}],"predecessor-version":[{"id":58099,"href":"https:\/\/imprimeideas.es\/en\/wp-json\/wp\/v2\/product\/50188\/revisions\/58099"}],"wp:featuredmedia":[{"embeddable":true,"href":"https:\/\/imprimeideas.es\/en\/wp-json\/wp\/v2\/media\/76391"}],"wp:attachment":[{"href":"https:\/\/imprimeideas.es\/en\/wp-json\/wp\/v2\/media?parent=50188"}],"wp:term":[{"taxonomy":"product_brand","embeddable":true,"href":"https:\/\/imprimeideas.es\/en\/wp-json\/wp\/v2\/product_brand?post=50188"},{"taxonomy":"product_cat","embeddable":true,"href":"https:\/\/imprimeideas.es\/en\/wp-json\/wp\/v2\/product_cat?post=50188"},{"taxonomy":"product_tag","embeddable":true,"href":"https:\/\/imprimeideas.es\/en\/wp-json\/wp\/v2\/product_tag?post=50188"}],"curies":[{"name":"wp","href":"https:\/\/api.w.org\/{rel}","templated":true}]}}