{"id":50181,"date":"2026-02-24T11:49:42","date_gmt":"2026-02-24T10:49:42","guid":{"rendered":"https:\/\/imprimeideas.es\/?post_type=product&p=50181"},"modified":"2026-02-26T18:27:53","modified_gmt":"2026-02-26T17:27:53","slug":"estuche-organizador-zimmer","status":"publish","type":"product","link":"https:\/\/imprimeideas.es\/en\/product\/estuche-organizador-zimmer\/","title":{"rendered":"Estuche Organizador Zimmer"},"content":{"rendered":"<p>Estuche organizador fabricado en RPET 600D. Incluye bolsillo principal de apertura completa con tirador met\u00e1lico y m\u00faltiples bolsillos interiores ideales para guardar cables: 2 bolsillos con banda el\u00e1stica, 1 con cierre de cremallera y compartimento con banda el\u00e1stica con velcro. Incluye cinta para un c\u00f3modo transporte. Con distintivo RPET.El material RPET se elabora a partir de pl\u00e1stico reciclado, para as\u00ed fomentar la reutilizaci\u00f3n de residuos pl\u00e1sticos y ayudar a la sostenibilidad del planeta.<\/p>","protected":false},"excerpt":{"rendered":"<p>Estuche organizador fabricado en RPET 600D. Incluye bolsillo principal de apertura completa con tirador met\u00e1lico y m\u00faltiples bolsillos interiores ideales<\/p>","protected":false},"featured_media":70238,"comment_status":"open","ping_status":"open","template":"","meta":{"inline_featured_image":false},"product_brand":[],"product_cat":[95,103],"product_tag":[],"class_list":{"0":"post-50181","1":"product","2":"type-product","3":"status-publish","4":"has-post-thumbnail","6":"product_cat-tecnologia-y-accesorios","7":"product_cat-viaje","9":"first","10":"instock","11":"taxable","12":"shipping-taxable","13":"purchasable","14":"product-type-variable","15":"has-default-attributes"},"aioseo_notices":[],"_links":{"self":[{"href":"https:\/\/imprimeideas.es\/en\/wp-json\/wp\/v2\/product\/50181","targetHints":{"allow":["GET"]}}],"collection":[{"href":"https:\/\/imprimeideas.es\/en\/wp-json\/wp\/v2\/product"}],"about":[{"href":"https:\/\/imprimeideas.es\/en\/wp-json\/wp\/v2\/types\/product"}],"replies":[{"embeddable":true,"href":"https:\/\/imprimeideas.es\/en\/wp-json\/wp\/v2\/comments?post=50181"}],"version-history":[{"count":1,"href":"https:\/\/imprimeideas.es\/en\/wp-json\/wp\/v2\/product\/50181\/revisions"}],"predecessor-version":[{"id":58097,"href":"https:\/\/imprimeideas.es\/en\/wp-json\/wp\/v2\/product\/50181\/revisions\/58097"}],"wp:featuredmedia":[{"embeddable":true,"href":"https:\/\/imprimeideas.es\/en\/wp-json\/wp\/v2\/media\/70238"}],"wp:attachment":[{"href":"https:\/\/imprimeideas.es\/en\/wp-json\/wp\/v2\/media?parent=50181"}],"wp:term":[{"taxonomy":"product_brand","embeddable":true,"href":"https:\/\/imprimeideas.es\/en\/wp-json\/wp\/v2\/product_brand?post=50181"},{"taxonomy":"product_cat","embeddable":true,"href":"https:\/\/imprimeideas.es\/en\/wp-json\/wp\/v2\/product_cat?post=50181"},{"taxonomy":"product_tag","embeddable":true,"href":"https:\/\/imprimeideas.es\/en\/wp-json\/wp\/v2\/product_tag?post=50181"}],"curies":[{"name":"wp","href":"https:\/\/api.w.org\/{rel}","templated":true}]}}