{"id":50168,"date":"2026-02-24T11:49:40","date_gmt":"2026-02-24T10:49:40","guid":{"rendered":"https:\/\/imprimeideas.es\/?post_type=product&p=50168"},"modified":"2026-02-26T18:23:21","modified_gmt":"2026-02-26T17:23:21","slug":"chapa-botella-osbourne","status":"publish","type":"product","link":"https:\/\/imprimeideas.es\/en\/product\/chapa-botella-osbourne\/","title":{"rendered":"Chapa Botella Osbourne"},"content":{"rendered":"<p>Tap\u00f3n dise\u00f1o chapa de silicona dise\u00f1ado para ajustarse perfectamente a la boquilla de las botellas, proporcionando un cierre seguro que protege las bebidas abiertas.<\/p>","protected":false},"excerpt":{"rendered":"<p>Tap\u00f3n dise\u00f1o chapa de silicona dise\u00f1ado para ajustarse perfectamente a la boquilla de las botellas, proporcionando un cierre seguro que<\/p>","protected":false},"featured_media":73077,"comment_status":"open","ping_status":"open","template":"","meta":{"inline_featured_image":false},"product_brand":[],"product_cat":[113,104,105],"product_tag":[],"class_list":{"0":"post-50168","1":"product","2":"type-product","3":"status-publish","4":"has-post-thumbnail","6":"product_cat-eventos-y-fiesta","7":"product_cat-hogar-y-decoracion","8":"product_cat-vino-accesorios-de-bebida-y-hosteleria","10":"first","11":"instock","12":"taxable","13":"shipping-taxable","14":"purchasable","15":"product-type-variable","16":"has-default-attributes"},"aioseo_notices":[],"_links":{"self":[{"href":"https:\/\/imprimeideas.es\/en\/wp-json\/wp\/v2\/product\/50168","targetHints":{"allow":["GET"]}}],"collection":[{"href":"https:\/\/imprimeideas.es\/en\/wp-json\/wp\/v2\/product"}],"about":[{"href":"https:\/\/imprimeideas.es\/en\/wp-json\/wp\/v2\/types\/product"}],"replies":[{"embeddable":true,"href":"https:\/\/imprimeideas.es\/en\/wp-json\/wp\/v2\/comments?post=50168"}],"version-history":[{"count":1,"href":"https:\/\/imprimeideas.es\/en\/wp-json\/wp\/v2\/product\/50168\/revisions"}],"predecessor-version":[{"id":58095,"href":"https:\/\/imprimeideas.es\/en\/wp-json\/wp\/v2\/product\/50168\/revisions\/58095"}],"wp:featuredmedia":[{"embeddable":true,"href":"https:\/\/imprimeideas.es\/en\/wp-json\/wp\/v2\/media\/73077"}],"wp:attachment":[{"href":"https:\/\/imprimeideas.es\/en\/wp-json\/wp\/v2\/media?parent=50168"}],"wp:term":[{"taxonomy":"product_brand","embeddable":true,"href":"https:\/\/imprimeideas.es\/en\/wp-json\/wp\/v2\/product_brand?post=50168"},{"taxonomy":"product_cat","embeddable":true,"href":"https:\/\/imprimeideas.es\/en\/wp-json\/wp\/v2\/product_cat?post=50168"},{"taxonomy":"product_tag","embeddable":true,"href":"https:\/\/imprimeideas.es\/en\/wp-json\/wp\/v2\/product_tag?post=50168"}],"curies":[{"name":"wp","href":"https:\/\/api.w.org\/{rel}","templated":true}]}}