{"id":50166,"date":"2026-02-24T11:49:40","date_gmt":"2026-02-24T10:49:40","guid":{"rendered":"https:\/\/imprimeideas.es\/?post_type=product&p=50166"},"modified":"2026-02-26T18:37:31","modified_gmt":"2026-02-26T17:37:31","slug":"reproductor-cd-hopson","status":"publish","type":"product","link":"https:\/\/imprimeideas.es\/en\/product\/reproductor-cd-hopson\/","title":{"rendered":"Reproductor CD Hopson"},"content":{"rendered":"<p>Reproductor de CD con dise\u00f1o retro, fabricado en madera, que permite disfrutar de la m\u00fasica mientras el disco gira bajo su cubierta de acr\u00edlico transparente. Equipado con una bater\u00eda de 2000 mAh, dos altavoces integrados, conexi\u00f3n Bluetooth 5.3, y entradas USB, Tipo C y para auriculares. Ofrece un manejo intuitivo con controles para volumen, reproducci\u00f3n, cambio de pistas y bot\u00f3n de play\/pausa, disponibles tanto en el dispositivo como en su mando a distancia. Instrucciones de uso disponibles en castellano e ingl\u00e9s.<\/p>","protected":false},"excerpt":{"rendered":"<p>Conexi\u00f3n Bluetooth. Potencia Sonido 3Wx2. Bater\u00eda 2000 mAh<\/p>","protected":false},"featured_media":83345,"comment_status":"open","ping_status":"open","template":"","meta":{"inline_featured_image":false},"product_brand":[],"product_cat":[95],"product_tag":[],"class_list":{"0":"post-50166","1":"product","2":"type-product","3":"status-publish","4":"has-post-thumbnail","6":"product_cat-tecnologia-y-accesorios","8":"first","9":"instock","10":"taxable","11":"shipping-taxable","12":"purchasable","13":"product-type-variable","14":"has-default-attributes"},"aioseo_notices":[],"_links":{"self":[{"href":"https:\/\/imprimeideas.es\/en\/wp-json\/wp\/v2\/product\/50166","targetHints":{"allow":["GET"]}}],"collection":[{"href":"https:\/\/imprimeideas.es\/en\/wp-json\/wp\/v2\/product"}],"about":[{"href":"https:\/\/imprimeideas.es\/en\/wp-json\/wp\/v2\/types\/product"}],"replies":[{"embeddable":true,"href":"https:\/\/imprimeideas.es\/en\/wp-json\/wp\/v2\/comments?post=50166"}],"version-history":[{"count":1,"href":"https:\/\/imprimeideas.es\/en\/wp-json\/wp\/v2\/product\/50166\/revisions"}],"predecessor-version":[{"id":58094,"href":"https:\/\/imprimeideas.es\/en\/wp-json\/wp\/v2\/product\/50166\/revisions\/58094"}],"wp:featuredmedia":[{"embeddable":true,"href":"https:\/\/imprimeideas.es\/en\/wp-json\/wp\/v2\/media\/83345"}],"wp:attachment":[{"href":"https:\/\/imprimeideas.es\/en\/wp-json\/wp\/v2\/media?parent=50166"}],"wp:term":[{"taxonomy":"product_brand","embeddable":true,"href":"https:\/\/imprimeideas.es\/en\/wp-json\/wp\/v2\/product_brand?post=50166"},{"taxonomy":"product_cat","embeddable":true,"href":"https:\/\/imprimeideas.es\/en\/wp-json\/wp\/v2\/product_cat?post=50166"},{"taxonomy":"product_tag","embeddable":true,"href":"https:\/\/imprimeideas.es\/en\/wp-json\/wp\/v2\/product_tag?post=50166"}],"curies":[{"name":"wp","href":"https:\/\/api.w.org\/{rel}","templated":true}]}}