{"id":50161,"date":"2026-02-24T11:49:39","date_gmt":"2026-02-24T10:49:39","guid":{"rendered":"https:\/\/imprimeideas.es\/?post_type=product&p=50161"},"modified":"2026-02-26T18:32:54","modified_gmt":"2026-02-26T17:32:54","slug":"auriculares-levin","status":"publish","type":"product","link":"https:\/\/imprimeideas.es\/en\/product\/auriculares-levin\/","title":{"rendered":"Auriculares Levin"},"content":{"rendered":"<p>Auriculares intraurales en elegante acabado blanco y conexi\u00f3n Bluetooth 5.3. Estuche con original dise\u00f1o en forma de spinner, con bater\u00eda de 200 mAh. Auriculares bot\u00f3n de control t\u00e1ctil integrado y con funci\u00f3n manos libres. Recargables, con cable Tipo C -incluido-. Disponible manual de instrucciones en espa\u00f1ol e ingl\u00e9s.<\/p>","protected":false},"excerpt":{"rendered":"<p>Conexi\u00f3n Bluetooth. Bater\u00eda 30 mAh\/ Base Carga 200 mAh<\/p>","protected":false},"featured_media":78385,"comment_status":"open","ping_status":"open","template":"","meta":{"inline_featured_image":false},"product_brand":[],"product_cat":[95],"product_tag":[],"class_list":{"0":"post-50161","1":"product","2":"type-product","3":"status-publish","4":"has-post-thumbnail","6":"product_cat-tecnologia-y-accesorios","8":"first","9":"instock","10":"taxable","11":"shipping-taxable","12":"purchasable","13":"product-type-variable","14":"has-default-attributes"},"aioseo_notices":[],"_links":{"self":[{"href":"https:\/\/imprimeideas.es\/en\/wp-json\/wp\/v2\/product\/50161","targetHints":{"allow":["GET"]}}],"collection":[{"href":"https:\/\/imprimeideas.es\/en\/wp-json\/wp\/v2\/product"}],"about":[{"href":"https:\/\/imprimeideas.es\/en\/wp-json\/wp\/v2\/types\/product"}],"replies":[{"embeddable":true,"href":"https:\/\/imprimeideas.es\/en\/wp-json\/wp\/v2\/comments?post=50161"}],"version-history":[{"count":1,"href":"https:\/\/imprimeideas.es\/en\/wp-json\/wp\/v2\/product\/50161\/revisions"}],"predecessor-version":[{"id":58092,"href":"https:\/\/imprimeideas.es\/en\/wp-json\/wp\/v2\/product\/50161\/revisions\/58092"}],"wp:featuredmedia":[{"embeddable":true,"href":"https:\/\/imprimeideas.es\/en\/wp-json\/wp\/v2\/media\/78385"}],"wp:attachment":[{"href":"https:\/\/imprimeideas.es\/en\/wp-json\/wp\/v2\/media?parent=50161"}],"wp:term":[{"taxonomy":"product_brand","embeddable":true,"href":"https:\/\/imprimeideas.es\/en\/wp-json\/wp\/v2\/product_brand?post=50161"},{"taxonomy":"product_cat","embeddable":true,"href":"https:\/\/imprimeideas.es\/en\/wp-json\/wp\/v2\/product_cat?post=50161"},{"taxonomy":"product_tag","embeddable":true,"href":"https:\/\/imprimeideas.es\/en\/wp-json\/wp\/v2\/product_tag?post=50161"}],"curies":[{"name":"wp","href":"https:\/\/api.w.org\/{rel}","templated":true}]}}