{"id":50159,"date":"2026-02-24T11:49:39","date_gmt":"2026-02-24T10:49:39","guid":{"rendered":"https:\/\/imprimeideas.es\/?post_type=product&p=50159"},"modified":"2026-02-26T18:42:29","modified_gmt":"2026-02-26T17:42:29","slug":"alfombrilla-higgins","status":"publish","type":"product","link":"https:\/\/imprimeideas.es\/en\/product\/alfombrilla-higgins\/","title":{"rendered":"Alfombrilla Higgins"},"content":{"rendered":"<p>Alfombrilla gamer dise\u00f1ada para una experiencia de juego inmersiva. Borde equipado con iluminaci\u00f3n LED multicolor en 7 colores y 13 modos, combinando efectos intermitentes y continuos. Fabricada en suave poli\u00e9ster, con base de silicona antideslizante que garantiza precisi\u00f3n en el uso del rat\u00f3n. Incluye conexi\u00f3n Tipo C con cable de 150 cm.<\/p>","protected":false},"excerpt":{"rendered":"<p>Antideslizante. Luces Led Multicolor. Conexi\u00f3n USB<\/p>","protected":false},"featured_media":50448,"comment_status":"open","ping_status":"open","template":"","meta":{"inline_featured_image":false},"product_brand":[],"product_cat":[95],"product_tag":[],"class_list":{"0":"post-50159","1":"product","2":"type-product","3":"status-publish","4":"has-post-thumbnail","6":"product_cat-tecnologia-y-accesorios","8":"first","9":"instock","10":"taxable","11":"shipping-taxable","12":"purchasable","13":"product-type-variable","14":"has-default-attributes"},"aioseo_notices":[],"_links":{"self":[{"href":"https:\/\/imprimeideas.es\/en\/wp-json\/wp\/v2\/product\/50159","targetHints":{"allow":["GET"]}}],"collection":[{"href":"https:\/\/imprimeideas.es\/en\/wp-json\/wp\/v2\/product"}],"about":[{"href":"https:\/\/imprimeideas.es\/en\/wp-json\/wp\/v2\/types\/product"}],"replies":[{"embeddable":true,"href":"https:\/\/imprimeideas.es\/en\/wp-json\/wp\/v2\/comments?post=50159"}],"version-history":[{"count":1,"href":"https:\/\/imprimeideas.es\/en\/wp-json\/wp\/v2\/product\/50159\/revisions"}],"predecessor-version":[{"id":58091,"href":"https:\/\/imprimeideas.es\/en\/wp-json\/wp\/v2\/product\/50159\/revisions\/58091"}],"wp:featuredmedia":[{"embeddable":true,"href":"https:\/\/imprimeideas.es\/en\/wp-json\/wp\/v2\/media\/50448"}],"wp:attachment":[{"href":"https:\/\/imprimeideas.es\/en\/wp-json\/wp\/v2\/media?parent=50159"}],"wp:term":[{"taxonomy":"product_brand","embeddable":true,"href":"https:\/\/imprimeideas.es\/en\/wp-json\/wp\/v2\/product_brand?post=50159"},{"taxonomy":"product_cat","embeddable":true,"href":"https:\/\/imprimeideas.es\/en\/wp-json\/wp\/v2\/product_cat?post=50159"},{"taxonomy":"product_tag","embeddable":true,"href":"https:\/\/imprimeideas.es\/en\/wp-json\/wp\/v2\/product_tag?post=50159"}],"curies":[{"name":"wp","href":"https:\/\/api.w.org\/{rel}","templated":true}]}}