{"id":50137,"date":"2026-02-24T11:49:36","date_gmt":"2026-02-24T10:49:36","guid":{"rendered":"https:\/\/imprimeideas.es\/?post_type=product&p=50137"},"modified":"2026-02-26T18:23:25","modified_gmt":"2026-02-26T17:23:25","slug":"pinza-tixcon","status":"publish","type":"product","link":"https:\/\/imprimeideas.es\/en\/product\/pinza-tixcon\/","title":{"rendered":"Pinza Tixcon"},"content":{"rendered":"<p>Pinza para el pelo con dise\u00f1o original en forma de flor blanca y centro amarillo. Cuenta con 8 resistentes dientes que garantizan una sujeci\u00f3n c\u00f3moda y segura.<\/p>","protected":false},"excerpt":{"rendered":"<p>Pinza para el pelo con dise\u00f1o original en forma de flor blanca y centro amarillo. Cuenta con 8 resistentes dientes<\/p>","protected":false},"featured_media":58922,"comment_status":"open","ping_status":"open","template":"","meta":{"inline_featured_image":false},"product_brand":[],"product_cat":[107],"product_tag":[],"class_list":{"0":"post-50137","1":"product","2":"type-product","3":"status-publish","4":"has-post-thumbnail","6":"product_cat-cuidado-personal-y-pharma","8":"first","9":"instock","10":"taxable","11":"shipping-taxable","12":"purchasable","13":"product-type-variable","14":"has-default-attributes"},"aioseo_notices":[],"_links":{"self":[{"href":"https:\/\/imprimeideas.es\/en\/wp-json\/wp\/v2\/product\/50137","targetHints":{"allow":["GET"]}}],"collection":[{"href":"https:\/\/imprimeideas.es\/en\/wp-json\/wp\/v2\/product"}],"about":[{"href":"https:\/\/imprimeideas.es\/en\/wp-json\/wp\/v2\/types\/product"}],"replies":[{"embeddable":true,"href":"https:\/\/imprimeideas.es\/en\/wp-json\/wp\/v2\/comments?post=50137"}],"version-history":[{"count":1,"href":"https:\/\/imprimeideas.es\/en\/wp-json\/wp\/v2\/product\/50137\/revisions"}],"predecessor-version":[{"id":58082,"href":"https:\/\/imprimeideas.es\/en\/wp-json\/wp\/v2\/product\/50137\/revisions\/58082"}],"wp:featuredmedia":[{"embeddable":true,"href":"https:\/\/imprimeideas.es\/en\/wp-json\/wp\/v2\/media\/58922"}],"wp:attachment":[{"href":"https:\/\/imprimeideas.es\/en\/wp-json\/wp\/v2\/media?parent=50137"}],"wp:term":[{"taxonomy":"product_brand","embeddable":true,"href":"https:\/\/imprimeideas.es\/en\/wp-json\/wp\/v2\/product_brand?post=50137"},{"taxonomy":"product_cat","embeddable":true,"href":"https:\/\/imprimeideas.es\/en\/wp-json\/wp\/v2\/product_cat?post=50137"},{"taxonomy":"product_tag","embeddable":true,"href":"https:\/\/imprimeideas.es\/en\/wp-json\/wp\/v2\/product_tag?post=50137"}],"curies":[{"name":"wp","href":"https:\/\/api.w.org\/{rel}","templated":true}]}}