{"id":49810,"date":"2026-02-24T11:48:49","date_gmt":"2026-02-24T10:48:49","guid":{"rendered":"https:\/\/imprimeideas.es\/?post_type=product&p=49810"},"modified":"2026-02-26T18:42:33","modified_gmt":"2026-02-26T17:42:33","slug":"sudadera-tecnica-adulto-brewer","status":"publish","type":"product","link":"https:\/\/imprimeideas.es\/en\/product\/sudadera-tecnica-adulto-brewer\/","title":{"rendered":"Sudadera T\u00e9cnica Adulto Brewer"},"content":{"rendered":"<p>Sudadera t\u00e9cnica confeccionada con interior brushed perchado que aporta calidez y suavidad. Con manga rangl\u00e1n y cuello con media cremallera y cubrecosturas de refuerzo a tono. Parte posterior del cuello, pu\u00f1os y bajo, confeccionados en canal\u00e9 1&#215;1 para un ajuste c\u00f3modo. Incluye costuras laterales.<\/p>","protected":false},"excerpt":{"rendered":"<p>Transpirable<\/p>","protected":false},"featured_media":79768,"comment_status":"open","ping_status":"open","template":"","meta":{"inline_featured_image":false},"product_brand":[],"product_cat":[114],"product_tag":[],"class_list":{"0":"post-49810","1":"product","2":"type-product","3":"status-publish","4":"has-post-thumbnail","6":"product_cat-verano-y-playa","8":"first","9":"instock","10":"taxable","11":"shipping-taxable","12":"purchasable","13":"product-type-variable","14":"has-default-attributes"},"aioseo_notices":[],"_links":{"self":[{"href":"https:\/\/imprimeideas.es\/en\/wp-json\/wp\/v2\/product\/49810","targetHints":{"allow":["GET"]}}],"collection":[{"href":"https:\/\/imprimeideas.es\/en\/wp-json\/wp\/v2\/product"}],"about":[{"href":"https:\/\/imprimeideas.es\/en\/wp-json\/wp\/v2\/types\/product"}],"replies":[{"embeddable":true,"href":"https:\/\/imprimeideas.es\/en\/wp-json\/wp\/v2\/comments?post=49810"}],"version-history":[{"count":1,"href":"https:\/\/imprimeideas.es\/en\/wp-json\/wp\/v2\/product\/49810\/revisions"}],"predecessor-version":[{"id":58070,"href":"https:\/\/imprimeideas.es\/en\/wp-json\/wp\/v2\/product\/49810\/revisions\/58070"}],"wp:featuredmedia":[{"embeddable":true,"href":"https:\/\/imprimeideas.es\/en\/wp-json\/wp\/v2\/media\/79768"}],"wp:attachment":[{"href":"https:\/\/imprimeideas.es\/en\/wp-json\/wp\/v2\/media?parent=49810"}],"wp:term":[{"taxonomy":"product_brand","embeddable":true,"href":"https:\/\/imprimeideas.es\/en\/wp-json\/wp\/v2\/product_brand?post=49810"},{"taxonomy":"product_cat","embeddable":true,"href":"https:\/\/imprimeideas.es\/en\/wp-json\/wp\/v2\/product_cat?post=49810"},{"taxonomy":"product_tag","embeddable":true,"href":"https:\/\/imprimeideas.es\/en\/wp-json\/wp\/v2\/product_tag?post=49810"}],"curies":[{"name":"wp","href":"https:\/\/api.w.org\/{rel}","templated":true}]}}