{"id":49773,"date":"2026-02-24T11:48:43","date_gmt":"2026-02-24T10:48:43","guid":{"rendered":"https:\/\/imprimeideas.es\/?post_type=product&p=49773"},"modified":"2026-02-26T18:37:31","modified_gmt":"2026-02-26T17:37:31","slug":"camiseta-adulto-jackson","status":"publish","type":"product","link":"https:\/\/imprimeideas.es\/en\/product\/camiseta-adulto-jackson\/","title":{"rendered":"Camiseta Adulto Jackson"},"content":{"rendered":"<p>Camiseta de tirantes confeccionada en tejido t\u00e9cnico micro mesh, dise\u00f1ada para expulsar la humedad de la prenda gracias a su funci\u00f3n Cool Dry, manteniendo la piel seca y fresca durante la actividad. Incluye costuras laterales a tono que mejoran la adaptaci\u00f3n al cuerpo.<\/p>","protected":false},"excerpt":{"rendered":"<p>Transpirable<\/p>","protected":false},"featured_media":86331,"comment_status":"open","ping_status":"open","template":"","meta":{"inline_featured_image":false},"product_brand":[],"product_cat":[114],"product_tag":[],"class_list":{"0":"post-49773","1":"product","2":"type-product","3":"status-publish","4":"has-post-thumbnail","6":"product_cat-verano-y-playa","8":"first","9":"instock","10":"taxable","11":"shipping-taxable","12":"purchasable","13":"product-type-variable","14":"has-default-attributes"},"aioseo_notices":[],"_links":{"self":[{"href":"https:\/\/imprimeideas.es\/en\/wp-json\/wp\/v2\/product\/49773","targetHints":{"allow":["GET"]}}],"collection":[{"href":"https:\/\/imprimeideas.es\/en\/wp-json\/wp\/v2\/product"}],"about":[{"href":"https:\/\/imprimeideas.es\/en\/wp-json\/wp\/v2\/types\/product"}],"replies":[{"embeddable":true,"href":"https:\/\/imprimeideas.es\/en\/wp-json\/wp\/v2\/comments?post=49773"}],"version-history":[{"count":1,"href":"https:\/\/imprimeideas.es\/en\/wp-json\/wp\/v2\/product\/49773\/revisions"}],"predecessor-version":[{"id":58069,"href":"https:\/\/imprimeideas.es\/en\/wp-json\/wp\/v2\/product\/49773\/revisions\/58069"}],"wp:featuredmedia":[{"embeddable":true,"href":"https:\/\/imprimeideas.es\/en\/wp-json\/wp\/v2\/media\/86331"}],"wp:attachment":[{"href":"https:\/\/imprimeideas.es\/en\/wp-json\/wp\/v2\/media?parent=49773"}],"wp:term":[{"taxonomy":"product_brand","embeddable":true,"href":"https:\/\/imprimeideas.es\/en\/wp-json\/wp\/v2\/product_brand?post=49773"},{"taxonomy":"product_cat","embeddable":true,"href":"https:\/\/imprimeideas.es\/en\/wp-json\/wp\/v2\/product_cat?post=49773"},{"taxonomy":"product_tag","embeddable":true,"href":"https:\/\/imprimeideas.es\/en\/wp-json\/wp\/v2\/product_tag?post=49773"}],"curies":[{"name":"wp","href":"https:\/\/api.w.org\/{rel}","templated":true}]}}