{"id":49754,"date":"2026-02-24T11:48:41","date_gmt":"2026-02-24T10:48:41","guid":{"rendered":"https:\/\/imprimeideas.es\/?post_type=product&p=49754"},"modified":"2026-02-26T18:13:35","modified_gmt":"2026-02-26T17:13:35","slug":"pantalon-kiana","status":"publish","type":"product","link":"https:\/\/imprimeideas.es\/en\/product\/pantalon-kiana\/","title":{"rendered":"Pantal\u00f3n Kiana"},"content":{"rendered":"<p>Pantal\u00f3n largo unisex en algod\u00f3n de punto liso y corte recto. Con dos bolsillos laterales y cinturilla el\u00e1stica con cord\u00f3n ajustable a tono. Doble pespunte en los bajos.<\/p>","protected":false},"excerpt":{"rendered":"<p>Pantal\u00f3n largo unisex en algod\u00f3n de punto liso y corte recto. Con dos bolsillos laterales y cinturilla el\u00e1stica con cord\u00f3n<\/p>","protected":false},"featured_media":58910,"comment_status":"open","ping_status":"open","template":"","meta":{"inline_featured_image":false},"product_brand":[],"product_cat":[114],"product_tag":[],"class_list":{"0":"post-49754","1":"product","2":"type-product","3":"status-publish","4":"has-post-thumbnail","6":"product_cat-verano-y-playa","8":"first","9":"instock","10":"taxable","11":"shipping-taxable","12":"purchasable","13":"product-type-variable","14":"has-default-attributes"},"aioseo_notices":[],"_links":{"self":[{"href":"https:\/\/imprimeideas.es\/en\/wp-json\/wp\/v2\/product\/49754","targetHints":{"allow":["GET"]}}],"collection":[{"href":"https:\/\/imprimeideas.es\/en\/wp-json\/wp\/v2\/product"}],"about":[{"href":"https:\/\/imprimeideas.es\/en\/wp-json\/wp\/v2\/types\/product"}],"replies":[{"embeddable":true,"href":"https:\/\/imprimeideas.es\/en\/wp-json\/wp\/v2\/comments?post=49754"}],"version-history":[{"count":1,"href":"https:\/\/imprimeideas.es\/en\/wp-json\/wp\/v2\/product\/49754\/revisions"}],"predecessor-version":[{"id":58068,"href":"https:\/\/imprimeideas.es\/en\/wp-json\/wp\/v2\/product\/49754\/revisions\/58068"}],"wp:featuredmedia":[{"embeddable":true,"href":"https:\/\/imprimeideas.es\/en\/wp-json\/wp\/v2\/media\/58910"}],"wp:attachment":[{"href":"https:\/\/imprimeideas.es\/en\/wp-json\/wp\/v2\/media?parent=49754"}],"wp:term":[{"taxonomy":"product_brand","embeddable":true,"href":"https:\/\/imprimeideas.es\/en\/wp-json\/wp\/v2\/product_brand?post=49754"},{"taxonomy":"product_cat","embeddable":true,"href":"https:\/\/imprimeideas.es\/en\/wp-json\/wp\/v2\/product_cat?post=49754"},{"taxonomy":"product_tag","embeddable":true,"href":"https:\/\/imprimeideas.es\/en\/wp-json\/wp\/v2\/product_tag?post=49754"}],"curies":[{"name":"wp","href":"https:\/\/api.w.org\/{rel}","templated":true}]}}