{"id":49694,"date":"2026-02-24T11:48:34","date_gmt":"2026-02-24T10:48:34","guid":{"rendered":"https:\/\/imprimeideas.es\/?post_type=product&p=49694"},"modified":"2026-02-26T18:32:46","modified_gmt":"2026-02-26T17:32:46","slug":"banador-merlin","status":"publish","type":"product","link":"https:\/\/imprimeideas.es\/en\/product\/banador-merlin\/","title":{"rendered":"Ba\u00f1ador Merlin"},"content":{"rendered":"<p>Ba\u00f1ador con una cinturilla el\u00e1stica con costuras de seguridad y cord\u00f3n ajustable a juego, equipado con aglets de seguridad. Incorpora dos bolsillos laterales y un bolsillo trasero con cierre de velcro y ojal de desag\u00fce para la liberaci\u00f3n de agua. Presenta apertura lateral para mayor libertad de movimiento y pespunte de carga con doble hilo al tono. Incluye slip interior con forro de tejido calado para mayor comodidad y soporte, as\u00ed como un forro calado en los bolsillos para facilitar el drenaje del agua.<\/p>","protected":false},"excerpt":{"rendered":"<p>Ba\u00f1ador con una cinturilla el\u00e1stica con costuras de seguridad y cord\u00f3n ajustable a juego, equipado con aglets de seguridad. Incorpora<\/p>","protected":false},"featured_media":72076,"comment_status":"open","ping_status":"open","template":"","meta":{"inline_featured_image":false},"product_brand":[],"product_cat":[114],"product_tag":[],"class_list":{"0":"post-49694","1":"product","2":"type-product","3":"status-publish","4":"has-post-thumbnail","6":"product_cat-verano-y-playa","8":"first","9":"instock","10":"taxable","11":"shipping-taxable","12":"purchasable","13":"product-type-variable","14":"has-default-attributes"},"aioseo_notices":[],"_links":{"self":[{"href":"https:\/\/imprimeideas.es\/en\/wp-json\/wp\/v2\/product\/49694","targetHints":{"allow":["GET"]}}],"collection":[{"href":"https:\/\/imprimeideas.es\/en\/wp-json\/wp\/v2\/product"}],"about":[{"href":"https:\/\/imprimeideas.es\/en\/wp-json\/wp\/v2\/types\/product"}],"replies":[{"embeddable":true,"href":"https:\/\/imprimeideas.es\/en\/wp-json\/wp\/v2\/comments?post=49694"}],"version-history":[{"count":1,"href":"https:\/\/imprimeideas.es\/en\/wp-json\/wp\/v2\/product\/49694\/revisions"}],"predecessor-version":[{"id":58065,"href":"https:\/\/imprimeideas.es\/en\/wp-json\/wp\/v2\/product\/49694\/revisions\/58065"}],"wp:featuredmedia":[{"embeddable":true,"href":"https:\/\/imprimeideas.es\/en\/wp-json\/wp\/v2\/media\/72076"}],"wp:attachment":[{"href":"https:\/\/imprimeideas.es\/en\/wp-json\/wp\/v2\/media?parent=49694"}],"wp:term":[{"taxonomy":"product_brand","embeddable":true,"href":"https:\/\/imprimeideas.es\/en\/wp-json\/wp\/v2\/product_brand?post=49694"},{"taxonomy":"product_cat","embeddable":true,"href":"https:\/\/imprimeideas.es\/en\/wp-json\/wp\/v2\/product_cat?post=49694"},{"taxonomy":"product_tag","embeddable":true,"href":"https:\/\/imprimeideas.es\/en\/wp-json\/wp\/v2\/product_tag?post=49694"}],"curies":[{"name":"wp","href":"https:\/\/api.w.org\/{rel}","templated":true}]}}