{"id":49605,"date":"2026-02-24T11:48:23","date_gmt":"2026-02-24T10:48:23","guid":{"rendered":"https:\/\/imprimeideas.es\/?post_type=product&p=49605"},"modified":"2026-02-26T18:33:05","modified_gmt":"2026-02-26T17:33:05","slug":"zapatillero-tornon","status":"publish","type":"product","link":"https:\/\/imprimeideas.es\/en\/product\/zapatillero-tornon\/","title":{"rendered":"Zapatillero Tornon"},"content":{"rendered":"<p>Pr\u00e1ctico zapatillero confeccionado en poli\u00e9ster RPET 600D con cierre de cremallera a juego. Dise\u00f1ado con interior reforzado y bordes protegidos con cinta de PVC negra para mayor durabilidad. Incluye un asa en color negro para un transporte c\u00f3modo y seguro. Etiqueta exterior con distintivo RPET.\tEl material RPET se elabora a partir de pl\u00e1stico reciclado, para as\u00ed fomentar la reutilizaci\u00f3n de residuos pl\u00e1sticos y ayudar a la sostenibilidad del planeta.<\/p>","protected":false},"excerpt":{"rendered":"<p>Pr\u00e1ctico zapatillero confeccionado en poli\u00e9ster RPET 600D con cierre de cremallera a juego. Dise\u00f1ado con interior reforzado y bordes protegidos<\/p>","protected":false},"featured_media":70887,"comment_status":"open","ping_status":"open","template":"","meta":{"inline_featured_image":false},"product_brand":[],"product_cat":[101],"product_tag":[],"class_list":{"0":"post-49605","1":"product","2":"type-product","3":"status-publish","4":"has-post-thumbnail","6":"product_cat-deporte-y-aventura","8":"first","9":"instock","10":"taxable","11":"shipping-taxable","12":"purchasable","13":"product-type-variable","14":"has-default-attributes"},"aioseo_notices":[],"_links":{"self":[{"href":"https:\/\/imprimeideas.es\/en\/wp-json\/wp\/v2\/product\/49605","targetHints":{"allow":["GET"]}}],"collection":[{"href":"https:\/\/imprimeideas.es\/en\/wp-json\/wp\/v2\/product"}],"about":[{"href":"https:\/\/imprimeideas.es\/en\/wp-json\/wp\/v2\/types\/product"}],"replies":[{"embeddable":true,"href":"https:\/\/imprimeideas.es\/en\/wp-json\/wp\/v2\/comments?post=49605"}],"version-history":[{"count":1,"href":"https:\/\/imprimeideas.es\/en\/wp-json\/wp\/v2\/product\/49605\/revisions"}],"predecessor-version":[{"id":58058,"href":"https:\/\/imprimeideas.es\/en\/wp-json\/wp\/v2\/product\/49605\/revisions\/58058"}],"wp:featuredmedia":[{"embeddable":true,"href":"https:\/\/imprimeideas.es\/en\/wp-json\/wp\/v2\/media\/70887"}],"wp:attachment":[{"href":"https:\/\/imprimeideas.es\/en\/wp-json\/wp\/v2\/media?parent=49605"}],"wp:term":[{"taxonomy":"product_brand","embeddable":true,"href":"https:\/\/imprimeideas.es\/en\/wp-json\/wp\/v2\/product_brand?post=49605"},{"taxonomy":"product_cat","embeddable":true,"href":"https:\/\/imprimeideas.es\/en\/wp-json\/wp\/v2\/product_cat?post=49605"},{"taxonomy":"product_tag","embeddable":true,"href":"https:\/\/imprimeideas.es\/en\/wp-json\/wp\/v2\/product_tag?post=49605"}],"curies":[{"name":"wp","href":"https:\/\/api.w.org\/{rel}","templated":true}]}}