{"id":49603,"date":"2026-02-24T11:48:23","date_gmt":"2026-02-24T10:48:23","guid":{"rendered":"https:\/\/imprimeideas.es\/?post_type=product&p=49603"},"modified":"2026-02-26T18:19:15","modified_gmt":"2026-02-26T17:19:15","slug":"mochila-plegable-xeblaz","status":"publish","type":"product","link":"https:\/\/imprimeideas.es\/en\/product\/mochila-plegable-xeblaz\/","title":{"rendered":"Mochila Plegable Xeblaz"},"content":{"rendered":"<p>Mochila plegable en resistente poli\u00e9ster RPET 210D y ripstop. Con cierre bucle en compartimento principal, cordones el\u00e1sticos y cintas de hombros regulables.El material RPET se elabora a partir de pl\u00e1stico reciclado, para as\u00ed fomentar la reutilizaci\u00f3n de residuos pl\u00e1sticos y ayudar a la sostenibilidad del planeta.<\/p>","protected":false},"excerpt":{"rendered":"<p>Mochila plegable en resistente poli\u00e9ster RPET 210D y ripstop. Con cierre bucle en compartimento principal, cordones el\u00e1sticos y cintas de<\/p>","protected":false},"featured_media":83410,"comment_status":"open","ping_status":"open","template":"","meta":{"inline_featured_image":false},"product_brand":[],"product_cat":[94],"product_tag":[],"class_list":{"0":"post-49603","1":"product","2":"type-product","3":"status-publish","4":"has-post-thumbnail","6":"product_cat-mochilas","8":"first","9":"instock","10":"taxable","11":"shipping-taxable","12":"purchasable","13":"product-type-variable","14":"has-default-attributes"},"aioseo_notices":[],"_links":{"self":[{"href":"https:\/\/imprimeideas.es\/en\/wp-json\/wp\/v2\/product\/49603","targetHints":{"allow":["GET"]}}],"collection":[{"href":"https:\/\/imprimeideas.es\/en\/wp-json\/wp\/v2\/product"}],"about":[{"href":"https:\/\/imprimeideas.es\/en\/wp-json\/wp\/v2\/types\/product"}],"replies":[{"embeddable":true,"href":"https:\/\/imprimeideas.es\/en\/wp-json\/wp\/v2\/comments?post=49603"}],"version-history":[{"count":1,"href":"https:\/\/imprimeideas.es\/en\/wp-json\/wp\/v2\/product\/49603\/revisions"}],"predecessor-version":[{"id":58057,"href":"https:\/\/imprimeideas.es\/en\/wp-json\/wp\/v2\/product\/49603\/revisions\/58057"}],"wp:featuredmedia":[{"embeddable":true,"href":"https:\/\/imprimeideas.es\/en\/wp-json\/wp\/v2\/media\/83410"}],"wp:attachment":[{"href":"https:\/\/imprimeideas.es\/en\/wp-json\/wp\/v2\/media?parent=49603"}],"wp:term":[{"taxonomy":"product_brand","embeddable":true,"href":"https:\/\/imprimeideas.es\/en\/wp-json\/wp\/v2\/product_brand?post=49603"},{"taxonomy":"product_cat","embeddable":true,"href":"https:\/\/imprimeideas.es\/en\/wp-json\/wp\/v2\/product_cat?post=49603"},{"taxonomy":"product_tag","embeddable":true,"href":"https:\/\/imprimeideas.es\/en\/wp-json\/wp\/v2\/product_tag?post=49603"}],"curies":[{"name":"wp","href":"https:\/\/api.w.org\/{rel}","templated":true}]}}