{"id":49599,"date":"2026-02-24T11:48:22","date_gmt":"2026-02-24T10:48:22","guid":{"rendered":"https:\/\/imprimeideas.es\/?post_type=product&p=49599"},"modified":"2026-02-26T18:23:29","modified_gmt":"2026-02-26T17:23:29","slug":"mochila-maxtry","status":"publish","type":"product","link":"https:\/\/imprimeideas.es\/en\/product\/mochila-maxtry\/","title":{"rendered":"Mochila Maxtry"},"content":{"rendered":"<p>Mochila fabricada en suave poli\u00e9ster RPET 600D. Con bolsillo principal de cierre de cremallera con doble tirador. Bolsillo interior para port\u00e1til de hasta 15 pulgadas. Incluye dos bolsillos frontales con cierre de cremallera invisibles y bolsillos en los laterales. Espalda y cintas acolchadas ajustables. Incluye cinta de transporte para ajuste en trolley o maleta, ideal para viajes. Con distintivo de RPET en etiqueta. El material RPET se elabora a partir de pl\u00e1stico reciclado, para as\u00ed fomentar la reutilizaci\u00f3n de residuos pl\u00e1sticos y ayudar a la sostenibilidad del planeta.<\/p>","protected":false},"excerpt":{"rendered":"<p>Acolchada. Bolsillo Acolchado para Port\u00e1til<\/p>","protected":false},"featured_media":64067,"comment_status":"open","ping_status":"open","template":"","meta":{"inline_featured_image":false},"product_brand":[],"product_cat":[94],"product_tag":[],"class_list":{"0":"post-49599","1":"product","2":"type-product","3":"status-publish","4":"has-post-thumbnail","6":"product_cat-mochilas","8":"first","9":"instock","10":"taxable","11":"shipping-taxable","12":"purchasable","13":"product-type-variable","14":"has-default-attributes"},"aioseo_notices":[],"_links":{"self":[{"href":"https:\/\/imprimeideas.es\/en\/wp-json\/wp\/v2\/product\/49599","targetHints":{"allow":["GET"]}}],"collection":[{"href":"https:\/\/imprimeideas.es\/en\/wp-json\/wp\/v2\/product"}],"about":[{"href":"https:\/\/imprimeideas.es\/en\/wp-json\/wp\/v2\/types\/product"}],"replies":[{"embeddable":true,"href":"https:\/\/imprimeideas.es\/en\/wp-json\/wp\/v2\/comments?post=49599"}],"version-history":[{"count":1,"href":"https:\/\/imprimeideas.es\/en\/wp-json\/wp\/v2\/product\/49599\/revisions"}],"predecessor-version":[{"id":58056,"href":"https:\/\/imprimeideas.es\/en\/wp-json\/wp\/v2\/product\/49599\/revisions\/58056"}],"wp:featuredmedia":[{"embeddable":true,"href":"https:\/\/imprimeideas.es\/en\/wp-json\/wp\/v2\/media\/64067"}],"wp:attachment":[{"href":"https:\/\/imprimeideas.es\/en\/wp-json\/wp\/v2\/media?parent=49599"}],"wp:term":[{"taxonomy":"product_brand","embeddable":true,"href":"https:\/\/imprimeideas.es\/en\/wp-json\/wp\/v2\/product_brand?post=49599"},{"taxonomy":"product_cat","embeddable":true,"href":"https:\/\/imprimeideas.es\/en\/wp-json\/wp\/v2\/product_cat?post=49599"},{"taxonomy":"product_tag","embeddable":true,"href":"https:\/\/imprimeideas.es\/en\/wp-json\/wp\/v2\/product_tag?post=49599"}],"curies":[{"name":"wp","href":"https:\/\/api.w.org\/{rel}","templated":true}]}}