{"id":49582,"date":"2026-02-24T11:48:20","date_gmt":"2026-02-24T10:48:20","guid":{"rendered":"https:\/\/imprimeideas.es\/?post_type=product&p=49582"},"modified":"2026-02-26T18:33:04","modified_gmt":"2026-02-26T17:33:04","slug":"microscopio-digital-patsmi-1600x","status":"publish","type":"product","link":"https:\/\/imprimeideas.es\/en\/product\/microscopio-digital-patsmi-1600x\/","title":{"rendered":"Microscopio Digital Patsmi 1600X"},"content":{"rendered":"<p>Microscopio digital compacto con aumento de 0-1600X. Luz LED ajustable y resoluci\u00f3n personalizable hasta 1600&#215;1200 de forma manual. Incluye soporte ajustable, cable de 140 cm con adaptador USB, Tipo C y Micro USB, para usar en diversos dispositivos. Dise\u00f1o elegante en negro mate con detalles plateados, compatible con la app para Android. Dispone de regla de calibraci\u00f3n y manual en espa\u00f1ol e ingl\u00e9s<\/p>","protected":false},"excerpt":{"rendered":"<p>8 Ledes. Conexi\u00f3n USB y Tipo C<\/p>","protected":false},"featured_media":72475,"comment_status":"open","ping_status":"open","template":"","meta":{"inline_featured_image":false},"product_brand":[],"product_cat":[111],"product_tag":[],"class_list":{"0":"post-49582","1":"product","2":"type-product","3":"status-publish","4":"has-post-thumbnail","6":"product_cat-agricultura","8":"first","9":"instock","10":"taxable","11":"shipping-taxable","12":"purchasable","13":"product-type-variable","14":"has-default-attributes"},"aioseo_notices":[],"_links":{"self":[{"href":"https:\/\/imprimeideas.es\/en\/wp-json\/wp\/v2\/product\/49582","targetHints":{"allow":["GET"]}}],"collection":[{"href":"https:\/\/imprimeideas.es\/en\/wp-json\/wp\/v2\/product"}],"about":[{"href":"https:\/\/imprimeideas.es\/en\/wp-json\/wp\/v2\/types\/product"}],"replies":[{"embeddable":true,"href":"https:\/\/imprimeideas.es\/en\/wp-json\/wp\/v2\/comments?post=49582"}],"version-history":[{"count":1,"href":"https:\/\/imprimeideas.es\/en\/wp-json\/wp\/v2\/product\/49582\/revisions"}],"predecessor-version":[{"id":58051,"href":"https:\/\/imprimeideas.es\/en\/wp-json\/wp\/v2\/product\/49582\/revisions\/58051"}],"wp:featuredmedia":[{"embeddable":true,"href":"https:\/\/imprimeideas.es\/en\/wp-json\/wp\/v2\/media\/72475"}],"wp:attachment":[{"href":"https:\/\/imprimeideas.es\/en\/wp-json\/wp\/v2\/media?parent=49582"}],"wp:term":[{"taxonomy":"product_brand","embeddable":true,"href":"https:\/\/imprimeideas.es\/en\/wp-json\/wp\/v2\/product_brand?post=49582"},{"taxonomy":"product_cat","embeddable":true,"href":"https:\/\/imprimeideas.es\/en\/wp-json\/wp\/v2\/product_cat?post=49582"},{"taxonomy":"product_tag","embeddable":true,"href":"https:\/\/imprimeideas.es\/en\/wp-json\/wp\/v2\/product_tag?post=49582"}],"curies":[{"name":"wp","href":"https:\/\/api.w.org\/{rel}","templated":true}]}}