{"id":49577,"date":"2026-02-24T11:48:19","date_gmt":"2026-02-24T10:48:19","guid":{"rendered":"https:\/\/imprimeideas.es\/?post_type=product&p=49577"},"modified":"2026-02-26T18:28:02","modified_gmt":"2026-02-26T17:28:02","slug":"navaja-multiusos-mixtil","status":"publish","type":"product","link":"https:\/\/imprimeideas.es\/en\/product\/navaja-multiusos-mixtil\/","title":{"rendered":"Navaja Multiusos Mixtil"},"content":{"rendered":"<p>Navaja multiusos con accesorios de acero inox con 10 funciones, con recubrimiento de resistente ABS. Incluye cuchilla, tijeras, pinzas, br\u00fajula, lima de u\u00f1as, punz\u00f3n, sacacorchos, palillo de dientes, destornillador, abrelatas y abrebotellas.<\/p>","protected":false},"excerpt":{"rendered":"<p>10 Funciones<\/p>","protected":false},"featured_media":73020,"comment_status":"open","ping_status":"open","template":"","meta":{"inline_featured_image":false},"product_brand":[],"product_cat":[111],"product_tag":[],"class_list":{"0":"post-49577","1":"product","2":"type-product","3":"status-publish","4":"has-post-thumbnail","6":"product_cat-agricultura","8":"first","9":"instock","10":"taxable","11":"shipping-taxable","12":"purchasable","13":"product-type-variable","14":"has-default-attributes"},"aioseo_notices":[],"_links":{"self":[{"href":"https:\/\/imprimeideas.es\/en\/wp-json\/wp\/v2\/product\/49577","targetHints":{"allow":["GET"]}}],"collection":[{"href":"https:\/\/imprimeideas.es\/en\/wp-json\/wp\/v2\/product"}],"about":[{"href":"https:\/\/imprimeideas.es\/en\/wp-json\/wp\/v2\/types\/product"}],"replies":[{"embeddable":true,"href":"https:\/\/imprimeideas.es\/en\/wp-json\/wp\/v2\/comments?post=49577"}],"version-history":[{"count":1,"href":"https:\/\/imprimeideas.es\/en\/wp-json\/wp\/v2\/product\/49577\/revisions"}],"predecessor-version":[{"id":58049,"href":"https:\/\/imprimeideas.es\/en\/wp-json\/wp\/v2\/product\/49577\/revisions\/58049"}],"wp:featuredmedia":[{"embeddable":true,"href":"https:\/\/imprimeideas.es\/en\/wp-json\/wp\/v2\/media\/73020"}],"wp:attachment":[{"href":"https:\/\/imprimeideas.es\/en\/wp-json\/wp\/v2\/media?parent=49577"}],"wp:term":[{"taxonomy":"product_brand","embeddable":true,"href":"https:\/\/imprimeideas.es\/en\/wp-json\/wp\/v2\/product_brand?post=49577"},{"taxonomy":"product_cat","embeddable":true,"href":"https:\/\/imprimeideas.es\/en\/wp-json\/wp\/v2\/product_cat?post=49577"},{"taxonomy":"product_tag","embeddable":true,"href":"https:\/\/imprimeideas.es\/en\/wp-json\/wp\/v2\/product_tag?post=49577"}],"curies":[{"name":"wp","href":"https:\/\/api.w.org\/{rel}","templated":true}]}}