{"id":49575,"date":"2026-02-24T11:48:19","date_gmt":"2026-02-24T10:48:19","guid":{"rendered":"https:\/\/imprimeideas.es\/?post_type=product&p=49575"},"modified":"2026-02-26T18:08:23","modified_gmt":"2026-02-26T17:08:23","slug":"funda-navaja-meriaz","status":"publish","type":"product","link":"https:\/\/imprimeideas.es\/en\/product\/funda-navaja-meriaz\/","title":{"rendered":"Funda Navaja Meriaz"},"content":{"rendered":"<p>Pr\u00e1ctica funda de poli\u00e9ster para todo tipo de navajas de mano. Incluye cierre de solapa con cierre de clip y agarre para cintur\u00f3n.<\/p>","protected":false},"excerpt":{"rendered":"<p>Pr\u00e1ctica funda de poli\u00e9ster para todo tipo de navajas de mano. Incluye cierre de solapa con cierre de clip y<\/p>","protected":false},"featured_media":65240,"comment_status":"open","ping_status":"open","template":"","meta":{"inline_featured_image":false},"product_brand":[],"product_cat":[111],"product_tag":[],"class_list":{"0":"post-49575","1":"product","2":"type-product","3":"status-publish","4":"has-post-thumbnail","6":"product_cat-agricultura","8":"first","9":"instock","10":"taxable","11":"shipping-taxable","12":"purchasable","13":"product-type-variable","14":"has-default-attributes"},"aioseo_notices":[],"_links":{"self":[{"href":"https:\/\/imprimeideas.es\/en\/wp-json\/wp\/v2\/product\/49575","targetHints":{"allow":["GET"]}}],"collection":[{"href":"https:\/\/imprimeideas.es\/en\/wp-json\/wp\/v2\/product"}],"about":[{"href":"https:\/\/imprimeideas.es\/en\/wp-json\/wp\/v2\/types\/product"}],"replies":[{"embeddable":true,"href":"https:\/\/imprimeideas.es\/en\/wp-json\/wp\/v2\/comments?post=49575"}],"version-history":[{"count":1,"href":"https:\/\/imprimeideas.es\/en\/wp-json\/wp\/v2\/product\/49575\/revisions"}],"predecessor-version":[{"id":58048,"href":"https:\/\/imprimeideas.es\/en\/wp-json\/wp\/v2\/product\/49575\/revisions\/58048"}],"wp:featuredmedia":[{"embeddable":true,"href":"https:\/\/imprimeideas.es\/en\/wp-json\/wp\/v2\/media\/65240"}],"wp:attachment":[{"href":"https:\/\/imprimeideas.es\/en\/wp-json\/wp\/v2\/media?parent=49575"}],"wp:term":[{"taxonomy":"product_brand","embeddable":true,"href":"https:\/\/imprimeideas.es\/en\/wp-json\/wp\/v2\/product_brand?post=49575"},{"taxonomy":"product_cat","embeddable":true,"href":"https:\/\/imprimeideas.es\/en\/wp-json\/wp\/v2\/product_cat?post=49575"},{"taxonomy":"product_tag","embeddable":true,"href":"https:\/\/imprimeideas.es\/en\/wp-json\/wp\/v2\/product_tag?post=49575"}],"curies":[{"name":"wp","href":"https:\/\/api.w.org\/{rel}","templated":true}]}}