{"id":49566,"date":"2026-02-24T11:48:18","date_gmt":"2026-02-24T10:48:18","guid":{"rendered":"https:\/\/imprimeideas.es\/?post_type=product&p=49566"},"modified":"2026-02-26T18:37:27","modified_gmt":"2026-02-26T17:37:27","slug":"cargador-komal","status":"publish","type":"product","link":"https:\/\/imprimeideas.es\/en\/product\/cargador-komal\/","title":{"rendered":"Cargador Komal"},"content":{"rendered":"<p>Cargador inal\u00e1mbrico magn\u00e9tico 4 en 1 de 15W, fabricado en ABS reciclado (RABS). Dise\u00f1ado para la carga simult\u00e1nea del smartphone, auriculares, smartwatch y soporte. Un gadget todo en uno: plegable, port\u00e1til, de tama\u00f1o compacto, muy vers\u00e1til y de dise\u00f1o funcional. De acabado mate con tacto gomoso. Conexi\u00f3n por usb Tipo C -cable incluido-.El RABS es un pl\u00e1stico altamente reciclable de gran resistencia y con multitud de aplicaciones que lo convierten en una soluci\u00f3n eco-friendly. Fabricado conforme a los est\u00e1ndares RoHS y en cumplimiento con los siguientes requisitos de seguridad:Sistema de protecci\u00f3n contra sobrecalentamiento.Sistema de protecci\u00f3n contra sobrecarga.Sistema de bloqueo para evitar cortocircuitos.<\/p>","protected":false},"excerpt":{"rendered":"<p>Inal\u00e1mbrico 15W. Magn\u00e9tico. Plegable<\/p>","protected":false},"featured_media":82450,"comment_status":"open","ping_status":"open","template":"","meta":{"inline_featured_image":false},"product_brand":[],"product_cat":[95],"product_tag":[],"class_list":{"0":"post-49566","1":"product","2":"type-product","3":"status-publish","4":"has-post-thumbnail","6":"product_cat-tecnologia-y-accesorios","8":"first","9":"outofstock","10":"taxable","11":"shipping-taxable","12":"purchasable","13":"product-type-variable","14":"has-default-attributes"},"aioseo_notices":[],"_links":{"self":[{"href":"https:\/\/imprimeideas.es\/en\/wp-json\/wp\/v2\/product\/49566","targetHints":{"allow":["GET"]}}],"collection":[{"href":"https:\/\/imprimeideas.es\/en\/wp-json\/wp\/v2\/product"}],"about":[{"href":"https:\/\/imprimeideas.es\/en\/wp-json\/wp\/v2\/types\/product"}],"replies":[{"embeddable":true,"href":"https:\/\/imprimeideas.es\/en\/wp-json\/wp\/v2\/comments?post=49566"}],"version-history":[{"count":1,"href":"https:\/\/imprimeideas.es\/en\/wp-json\/wp\/v2\/product\/49566\/revisions"}],"predecessor-version":[{"id":58044,"href":"https:\/\/imprimeideas.es\/en\/wp-json\/wp\/v2\/product\/49566\/revisions\/58044"}],"wp:featuredmedia":[{"embeddable":true,"href":"https:\/\/imprimeideas.es\/en\/wp-json\/wp\/v2\/media\/82450"}],"wp:attachment":[{"href":"https:\/\/imprimeideas.es\/en\/wp-json\/wp\/v2\/media?parent=49566"}],"wp:term":[{"taxonomy":"product_brand","embeddable":true,"href":"https:\/\/imprimeideas.es\/en\/wp-json\/wp\/v2\/product_brand?post=49566"},{"taxonomy":"product_cat","embeddable":true,"href":"https:\/\/imprimeideas.es\/en\/wp-json\/wp\/v2\/product_cat?post=49566"},{"taxonomy":"product_tag","embeddable":true,"href":"https:\/\/imprimeideas.es\/en\/wp-json\/wp\/v2\/product_tag?post=49566"}],"curies":[{"name":"wp","href":"https:\/\/api.w.org\/{rel}","templated":true}]}}