{"id":49545,"date":"2026-02-24T11:48:15","date_gmt":"2026-02-24T10:48:15","guid":{"rendered":"https:\/\/imprimeideas.es\/?post_type=product&p=49545"},"modified":"2026-02-26T18:42:33","modified_gmt":"2026-02-26T17:42:33","slug":"toalla-golf-canrock","status":"publish","type":"product","link":"https:\/\/imprimeideas.es\/en\/product\/toalla-golf-canrock\/","title":{"rendered":"Toalla Golf Canrock"},"content":{"rendered":"<p>Toalla de golf fabricada en RPET con doble textura: suave acabado bitono por una cara y textura de hilo uniforme por la otra, para adaptarse a diferentes necesidades de limpieza. Su dise\u00f1o incluye bolsillo para pelotas de golf a juego. Con argolla reforzada y mosquet\u00f3n de acople. Incluye distintivo RPET en etiqueta.El material RPET se elabora a partir de pl\u00e1stico reciclado, para as\u00ed fomentar la reutilizaci\u00f3n de residuos pl\u00e1sticos y ayudar a la sostenibilidad del planeta.<\/p>","protected":false},"excerpt":{"rendered":"<p>Toalla de golf fabricada en RPET con doble textura: suave acabado bitono por una cara y textura de hilo uniforme<\/p>","protected":false},"featured_media":76462,"comment_status":"open","ping_status":"open","template":"","meta":{"inline_featured_image":false},"product_brand":[],"product_cat":[101],"product_tag":[],"class_list":{"0":"post-49545","1":"product","2":"type-product","3":"status-publish","4":"has-post-thumbnail","6":"product_cat-deporte-y-aventura","8":"first","9":"instock","10":"taxable","11":"shipping-taxable","12":"purchasable","13":"product-type-variable","14":"has-default-attributes"},"aioseo_notices":[],"_links":{"self":[{"href":"https:\/\/imprimeideas.es\/en\/wp-json\/wp\/v2\/product\/49545","targetHints":{"allow":["GET"]}}],"collection":[{"href":"https:\/\/imprimeideas.es\/en\/wp-json\/wp\/v2\/product"}],"about":[{"href":"https:\/\/imprimeideas.es\/en\/wp-json\/wp\/v2\/types\/product"}],"replies":[{"embeddable":true,"href":"https:\/\/imprimeideas.es\/en\/wp-json\/wp\/v2\/comments?post=49545"}],"version-history":[{"count":1,"href":"https:\/\/imprimeideas.es\/en\/wp-json\/wp\/v2\/product\/49545\/revisions"}],"predecessor-version":[{"id":58038,"href":"https:\/\/imprimeideas.es\/en\/wp-json\/wp\/v2\/product\/49545\/revisions\/58038"}],"wp:featuredmedia":[{"embeddable":true,"href":"https:\/\/imprimeideas.es\/en\/wp-json\/wp\/v2\/media\/76462"}],"wp:attachment":[{"href":"https:\/\/imprimeideas.es\/en\/wp-json\/wp\/v2\/media?parent=49545"}],"wp:term":[{"taxonomy":"product_brand","embeddable":true,"href":"https:\/\/imprimeideas.es\/en\/wp-json\/wp\/v2\/product_brand?post=49545"},{"taxonomy":"product_cat","embeddable":true,"href":"https:\/\/imprimeideas.es\/en\/wp-json\/wp\/v2\/product_cat?post=49545"},{"taxonomy":"product_tag","embeddable":true,"href":"https:\/\/imprimeideas.es\/en\/wp-json\/wp\/v2\/product_tag?post=49545"}],"curies":[{"name":"wp","href":"https:\/\/api.w.org\/{rel}","templated":true}]}}