{"id":49543,"date":"2026-02-24T11:48:15","date_gmt":"2026-02-24T10:48:15","guid":{"rendered":"https:\/\/imprimeideas.es\/?post_type=product&p=49543"},"modified":"2026-02-26T18:37:32","modified_gmt":"2026-02-26T17:37:32","slug":"boligrafo-meryen","status":"publish","type":"product","link":"https:\/\/imprimeideas.es\/en\/product\/boligrafo-meryen\/","title":{"rendered":"Bol\u00edgrafo Meryen"},"content":{"rendered":"<p>Bol\u00edgrado fabricado en fibra de caf\u00e9. De mecanismo pulsador y tinta azul. Incluye distintivo fibra de caf\u00e9.La fibra de caf\u00e9 es una soluci\u00f3n circular que se obtiene de la utilizaci\u00f3n de los residuos producidos en la obtenci\u00f3n del caf\u00e9. Una alternativa sostenible que favorece la reducci\u00f3n del uso de pl\u00e1sticos, ahorrando energ\u00eda en su proceso de fabricaci\u00f3n y contribuyendo al cuidado del medio ambiente.<\/p>","protected":false},"excerpt":{"rendered":"<p>Bol\u00edgrado fabricado en fibra de caf\u00e9. De mecanismo pulsador y tinta azul. Incluye distintivo fibra de caf\u00e9.La fibra de caf\u00e9<\/p>","protected":false},"featured_media":76292,"comment_status":"open","ping_status":"open","template":"","meta":{"inline_featured_image":false},"product_brand":[],"product_cat":[100],"product_tag":[],"class_list":{"0":"post-49543","1":"product","2":"type-product","3":"status-publish","4":"has-post-thumbnail","6":"product_cat-escritura","8":"first","9":"instock","10":"taxable","11":"shipping-taxable","12":"purchasable","13":"product-type-variable","14":"has-default-attributes"},"aioseo_notices":[],"_links":{"self":[{"href":"https:\/\/imprimeideas.es\/en\/wp-json\/wp\/v2\/product\/49543","targetHints":{"allow":["GET"]}}],"collection":[{"href":"https:\/\/imprimeideas.es\/en\/wp-json\/wp\/v2\/product"}],"about":[{"href":"https:\/\/imprimeideas.es\/en\/wp-json\/wp\/v2\/types\/product"}],"replies":[{"embeddable":true,"href":"https:\/\/imprimeideas.es\/en\/wp-json\/wp\/v2\/comments?post=49543"}],"version-history":[{"count":1,"href":"https:\/\/imprimeideas.es\/en\/wp-json\/wp\/v2\/product\/49543\/revisions"}],"predecessor-version":[{"id":58037,"href":"https:\/\/imprimeideas.es\/en\/wp-json\/wp\/v2\/product\/49543\/revisions\/58037"}],"wp:featuredmedia":[{"embeddable":true,"href":"https:\/\/imprimeideas.es\/en\/wp-json\/wp\/v2\/media\/76292"}],"wp:attachment":[{"href":"https:\/\/imprimeideas.es\/en\/wp-json\/wp\/v2\/media?parent=49543"}],"wp:term":[{"taxonomy":"product_brand","embeddable":true,"href":"https:\/\/imprimeideas.es\/en\/wp-json\/wp\/v2\/product_brand?post=49543"},{"taxonomy":"product_cat","embeddable":true,"href":"https:\/\/imprimeideas.es\/en\/wp-json\/wp\/v2\/product_cat?post=49543"},{"taxonomy":"product_tag","embeddable":true,"href":"https:\/\/imprimeideas.es\/en\/wp-json\/wp\/v2\/product_tag?post=49543"}],"curies":[{"name":"wp","href":"https:\/\/api.w.org\/{rel}","templated":true}]}}