{"id":49535,"date":"2026-02-24T11:48:14","date_gmt":"2026-02-24T10:48:14","guid":{"rendered":"https:\/\/imprimeideas.es\/?post_type=product&p=49535"},"modified":"2026-02-26T18:32:53","modified_gmt":"2026-02-26T17:32:53","slug":"marcador-salmar","status":"publish","type":"product","link":"https:\/\/imprimeideas.es\/en\/product\/marcador-salmar\/","title":{"rendered":"Marcador Salmar"},"content":{"rendered":"<p>Original marcador fluorescente de tres colores fabricado en ca\u00f1a de trigo. Con cuerpo circular en suave acabado mate, especialmente dise\u00f1ado para marcaje a todo color. Con capuchas a juego con el marcador. La ca\u00f1a de trigo fomenta la utilizaci\u00f3n de materias primas naturales, reduciendo as\u00ed las emisiones contaminantes.<\/p>","protected":false},"excerpt":{"rendered":"<p>Escritura 3 Colores<\/p>","protected":false},"featured_media":74522,"comment_status":"open","ping_status":"open","template":"","meta":{"inline_featured_image":false},"product_brand":[],"product_cat":[96],"product_tag":[],"class_list":{"0":"post-49535","1":"product","2":"type-product","3":"status-publish","4":"has-post-thumbnail","6":"product_cat-oficina-y-negocios","8":"first","9":"instock","10":"taxable","11":"shipping-taxable","12":"purchasable","13":"product-type-variable","14":"has-default-attributes"},"aioseo_notices":[],"_links":{"self":[{"href":"https:\/\/imprimeideas.es\/en\/wp-json\/wp\/v2\/product\/49535","targetHints":{"allow":["GET"]}}],"collection":[{"href":"https:\/\/imprimeideas.es\/en\/wp-json\/wp\/v2\/product"}],"about":[{"href":"https:\/\/imprimeideas.es\/en\/wp-json\/wp\/v2\/types\/product"}],"replies":[{"embeddable":true,"href":"https:\/\/imprimeideas.es\/en\/wp-json\/wp\/v2\/comments?post=49535"}],"version-history":[{"count":1,"href":"https:\/\/imprimeideas.es\/en\/wp-json\/wp\/v2\/product\/49535\/revisions"}],"predecessor-version":[{"id":58035,"href":"https:\/\/imprimeideas.es\/en\/wp-json\/wp\/v2\/product\/49535\/revisions\/58035"}],"wp:featuredmedia":[{"embeddable":true,"href":"https:\/\/imprimeideas.es\/en\/wp-json\/wp\/v2\/media\/74522"}],"wp:attachment":[{"href":"https:\/\/imprimeideas.es\/en\/wp-json\/wp\/v2\/media?parent=49535"}],"wp:term":[{"taxonomy":"product_brand","embeddable":true,"href":"https:\/\/imprimeideas.es\/en\/wp-json\/wp\/v2\/product_brand?post=49535"},{"taxonomy":"product_cat","embeddable":true,"href":"https:\/\/imprimeideas.es\/en\/wp-json\/wp\/v2\/product_cat?post=49535"},{"taxonomy":"product_tag","embeddable":true,"href":"https:\/\/imprimeideas.es\/en\/wp-json\/wp\/v2\/product_tag?post=49535"}],"curies":[{"name":"wp","href":"https:\/\/api.w.org\/{rel}","templated":true}]}}