{"id":49502,"date":"2026-02-24T11:48:10","date_gmt":"2026-02-24T10:48:10","guid":{"rendered":"https:\/\/imprimeideas.es\/?post_type=product&p=49502"},"modified":"2026-02-26T18:37:34","modified_gmt":"2026-02-26T17:37:34","slug":"bloc-notas-renak","status":"publish","type":"product","link":"https:\/\/imprimeideas.es\/en\/product\/bloc-notas-renak\/","title":{"rendered":"Bloc Notas Renak"},"content":{"rendered":"<p>Bloc de notas A5 fabricado en combinaci\u00f3n de Canvas Reciclado con PU Reciclado. De elegante dise\u00f1o con solapa marr\u00f3n de cierre magn\u00e9tico a juego, con pr\u00e1ctico tarjetero en su interior. Interior con 80 hojas color crema de disposici\u00f3n a una raya y marcap\u00e1ginas de tela a juego de la solapa. Con distintivo de PU Reciclado.La PU Reciclado destaca por su resistencia y elasticidad. Este material reciclado y reciclable es una opci\u00f3n sostenible que rescata las fibras desechadas en los procesos de fabricaci\u00f3n, minimizando as\u00ed el desperdicio de material y contribuyendo a su vez a reducir el impacto ambiental, manteniendo a la vez sus propiedades originales.<\/p>","protected":false},"excerpt":{"rendered":"<p>Portada R\u00edgida. 80 Hojas<\/p>","protected":false},"featured_media":80007,"comment_status":"open","ping_status":"open","template":"","meta":{"inline_featured_image":false},"product_brand":[],"product_cat":[96],"product_tag":[],"class_list":{"0":"post-49502","1":"product","2":"type-product","3":"status-publish","4":"has-post-thumbnail","6":"product_cat-oficina-y-negocios","8":"first","9":"instock","10":"taxable","11":"shipping-taxable","12":"purchasable","13":"product-type-variable","14":"has-default-attributes"},"aioseo_notices":[],"_links":{"self":[{"href":"https:\/\/imprimeideas.es\/en\/wp-json\/wp\/v2\/product\/49502","targetHints":{"allow":["GET"]}}],"collection":[{"href":"https:\/\/imprimeideas.es\/en\/wp-json\/wp\/v2\/product"}],"about":[{"href":"https:\/\/imprimeideas.es\/en\/wp-json\/wp\/v2\/types\/product"}],"replies":[{"embeddable":true,"href":"https:\/\/imprimeideas.es\/en\/wp-json\/wp\/v2\/comments?post=49502"}],"version-history":[{"count":1,"href":"https:\/\/imprimeideas.es\/en\/wp-json\/wp\/v2\/product\/49502\/revisions"}],"predecessor-version":[{"id":58030,"href":"https:\/\/imprimeideas.es\/en\/wp-json\/wp\/v2\/product\/49502\/revisions\/58030"}],"wp:featuredmedia":[{"embeddable":true,"href":"https:\/\/imprimeideas.es\/en\/wp-json\/wp\/v2\/media\/80007"}],"wp:attachment":[{"href":"https:\/\/imprimeideas.es\/en\/wp-json\/wp\/v2\/media?parent=49502"}],"wp:term":[{"taxonomy":"product_brand","embeddable":true,"href":"https:\/\/imprimeideas.es\/en\/wp-json\/wp\/v2\/product_brand?post=49502"},{"taxonomy":"product_cat","embeddable":true,"href":"https:\/\/imprimeideas.es\/en\/wp-json\/wp\/v2\/product_cat?post=49502"},{"taxonomy":"product_tag","embeddable":true,"href":"https:\/\/imprimeideas.es\/en\/wp-json\/wp\/v2\/product_tag?post=49502"}],"curies":[{"name":"wp","href":"https:\/\/api.w.org\/{rel}","templated":true}]}}