{"id":49499,"date":"2026-02-24T11:48:10","date_gmt":"2026-02-24T10:48:10","guid":{"rendered":"https:\/\/imprimeideas.es\/?post_type=product&p=49499"},"modified":"2026-02-26T18:13:53","modified_gmt":"2026-02-26T17:13:53","slug":"lapicero-xadry","status":"publish","type":"product","link":"https:\/\/imprimeideas.es\/en\/product\/lapicero-xadry\/","title":{"rendered":"Lapicero Xadry"},"content":{"rendered":"<p>Lapicero fabricado en RPET 300D bitono, con detalle met\u00e1lico de acabado brillante. Incluye distintivo RPET.El material RPET se elabora a partir de pl\u00e1stico reciclado, para as\u00ed fomentar la reutilizaci\u00f3n de residuos pl\u00e1sticos y ayudar a la sostenibilidad del planeta.<\/p>","protected":false},"excerpt":{"rendered":"<p>Lapicero fabricado en RPET 300D bitono, con detalle met\u00e1lico de acabado brillante. Incluye distintivo RPET.El material RPET se elabora a<\/p>","protected":false},"featured_media":76359,"comment_status":"open","ping_status":"open","template":"","meta":{"inline_featured_image":false},"product_brand":[],"product_cat":[96],"product_tag":[],"class_list":{"0":"post-49499","1":"product","2":"type-product","3":"status-publish","4":"has-post-thumbnail","6":"product_cat-oficina-y-negocios","8":"first","9":"instock","10":"taxable","11":"shipping-taxable","12":"purchasable","13":"product-type-variable","14":"has-default-attributes"},"aioseo_notices":[],"_links":{"self":[{"href":"https:\/\/imprimeideas.es\/en\/wp-json\/wp\/v2\/product\/49499","targetHints":{"allow":["GET"]}}],"collection":[{"href":"https:\/\/imprimeideas.es\/en\/wp-json\/wp\/v2\/product"}],"about":[{"href":"https:\/\/imprimeideas.es\/en\/wp-json\/wp\/v2\/types\/product"}],"replies":[{"embeddable":true,"href":"https:\/\/imprimeideas.es\/en\/wp-json\/wp\/v2\/comments?post=49499"}],"version-history":[{"count":1,"href":"https:\/\/imprimeideas.es\/en\/wp-json\/wp\/v2\/product\/49499\/revisions"}],"predecessor-version":[{"id":58029,"href":"https:\/\/imprimeideas.es\/en\/wp-json\/wp\/v2\/product\/49499\/revisions\/58029"}],"wp:featuredmedia":[{"embeddable":true,"href":"https:\/\/imprimeideas.es\/en\/wp-json\/wp\/v2\/media\/76359"}],"wp:attachment":[{"href":"https:\/\/imprimeideas.es\/en\/wp-json\/wp\/v2\/media?parent=49499"}],"wp:term":[{"taxonomy":"product_brand","embeddable":true,"href":"https:\/\/imprimeideas.es\/en\/wp-json\/wp\/v2\/product_brand?post=49499"},{"taxonomy":"product_cat","embeddable":true,"href":"https:\/\/imprimeideas.es\/en\/wp-json\/wp\/v2\/product_cat?post=49499"},{"taxonomy":"product_tag","embeddable":true,"href":"https:\/\/imprimeideas.es\/en\/wp-json\/wp\/v2\/product_tag?post=49499"}],"curies":[{"name":"wp","href":"https:\/\/api.w.org\/{rel}","templated":true}]}}