{"id":49497,"date":"2026-02-24T11:48:09","date_gmt":"2026-02-24T10:48:09","guid":{"rendered":"https:\/\/imprimeideas.es\/?post_type=product&p=49497"},"modified":"2026-02-26T18:32:54","modified_gmt":"2026-02-26T17:32:54","slug":"bloc-notas-tesher","status":"publish","type":"product","link":"https:\/\/imprimeideas.es\/en\/product\/bloc-notas-tesher\/","title":{"rendered":"Bloc Notas Tesher"},"content":{"rendered":"<p>Bloc de notas con cubiertas fabricadas en cartones de leche reciclados. Con tapas blandas e interior con 50 notas adhesivas cuadradas y 125 mininotas adhesivas en varios colores. Incluye distintivo Recycled Milk Carton.Los cartones de leche se componen en su mayor parte de cart\u00f3n y aluminio. Durante su proceso de reciclado, se separan los distintos materiales del envase para su reutilizaci\u00f3n y nuevo uso, contribuyendo as\u00ed a recorrer el camino infinito de la econom\u00eda circular. Este material se caracteriza por su alto grado de reciclabilidad, as\u00ed como por su ligereza y resistencia.50 Notas Adhesivas 7,5 x 7,5 cm. 125 Mininotas adhesivas 1,5 x 5 cm.<\/p>","protected":false},"excerpt":{"rendered":"<p>50 Notas Adhesivas 7,5 x 7,5 cm. 125 Mininotas Adhesivas 1,5 x 5 cm<\/p>","protected":false},"featured_media":74577,"comment_status":"open","ping_status":"open","template":"","meta":{"inline_featured_image":false},"product_brand":[],"product_cat":[96],"product_tag":[],"class_list":{"0":"post-49497","1":"product","2":"type-product","3":"status-publish","4":"has-post-thumbnail","6":"product_cat-oficina-y-negocios","8":"first","9":"instock","10":"taxable","11":"shipping-taxable","12":"purchasable","13":"product-type-variable","14":"has-default-attributes"},"aioseo_notices":[],"_links":{"self":[{"href":"https:\/\/imprimeideas.es\/en\/wp-json\/wp\/v2\/product\/49497","targetHints":{"allow":["GET"]}}],"collection":[{"href":"https:\/\/imprimeideas.es\/en\/wp-json\/wp\/v2\/product"}],"about":[{"href":"https:\/\/imprimeideas.es\/en\/wp-json\/wp\/v2\/types\/product"}],"replies":[{"embeddable":true,"href":"https:\/\/imprimeideas.es\/en\/wp-json\/wp\/v2\/comments?post=49497"}],"version-history":[{"count":1,"href":"https:\/\/imprimeideas.es\/en\/wp-json\/wp\/v2\/product\/49497\/revisions"}],"predecessor-version":[{"id":58028,"href":"https:\/\/imprimeideas.es\/en\/wp-json\/wp\/v2\/product\/49497\/revisions\/58028"}],"wp:featuredmedia":[{"embeddable":true,"href":"https:\/\/imprimeideas.es\/en\/wp-json\/wp\/v2\/media\/74577"}],"wp:attachment":[{"href":"https:\/\/imprimeideas.es\/en\/wp-json\/wp\/v2\/media?parent=49497"}],"wp:term":[{"taxonomy":"product_brand","embeddable":true,"href":"https:\/\/imprimeideas.es\/en\/wp-json\/wp\/v2\/product_brand?post=49497"},{"taxonomy":"product_cat","embeddable":true,"href":"https:\/\/imprimeideas.es\/en\/wp-json\/wp\/v2\/product_cat?post=49497"},{"taxonomy":"product_tag","embeddable":true,"href":"https:\/\/imprimeideas.es\/en\/wp-json\/wp\/v2\/product_tag?post=49497"}],"curies":[{"name":"wp","href":"https:\/\/api.w.org\/{rel}","templated":true}]}}