{"id":49475,"date":"2026-02-24T11:48:07","date_gmt":"2026-02-24T10:48:07","guid":{"rendered":"https:\/\/imprimeideas.es\/?post_type=product&p=49475"},"modified":"2026-02-26T18:23:15","modified_gmt":"2026-02-26T17:23:15","slug":"boligrafo-tarflex","status":"publish","type":"product","link":"https:\/\/imprimeideas.es\/en\/product\/boligrafo-tarflex\/","title":{"rendered":"Bol\u00edgrafo Tarflex"},"content":{"rendered":"<p>Bol\u00edgrafo fabricado con fibra de ca\u00f1a de trigo. Con cuerpo y clip a juego, de mecanismo pulsador fabricado en bamb\u00fa y en tinta azul. Con distinguido logo de Ca\u00f1a de Trigo marcado en la ca\u00f1a. La Ca\u00f1a de Trigo fomenta la utilizaci\u00f3n de materias primas naturales, reduciendo as\u00ed las emisiones contaminantes.<\/p>","protected":false},"excerpt":{"rendered":"<p>Bol\u00edgrafo fabricado con fibra de ca\u00f1a de trigo. Con cuerpo y clip a juego, de mecanismo pulsador fabricado en bamb\u00fa<\/p>","protected":false},"featured_media":69983,"comment_status":"open","ping_status":"open","template":"","meta":{"inline_featured_image":false},"product_brand":[],"product_cat":[100],"product_tag":[],"class_list":{"0":"post-49475","1":"product","2":"type-product","3":"status-publish","4":"has-post-thumbnail","6":"product_cat-escritura","8":"first","9":"instock","10":"taxable","11":"shipping-taxable","12":"purchasable","13":"product-type-variable","14":"has-default-attributes"},"aioseo_notices":[],"_links":{"self":[{"href":"https:\/\/imprimeideas.es\/en\/wp-json\/wp\/v2\/product\/49475","targetHints":{"allow":["GET"]}}],"collection":[{"href":"https:\/\/imprimeideas.es\/en\/wp-json\/wp\/v2\/product"}],"about":[{"href":"https:\/\/imprimeideas.es\/en\/wp-json\/wp\/v2\/types\/product"}],"replies":[{"embeddable":true,"href":"https:\/\/imprimeideas.es\/en\/wp-json\/wp\/v2\/comments?post=49475"}],"version-history":[{"count":1,"href":"https:\/\/imprimeideas.es\/en\/wp-json\/wp\/v2\/product\/49475\/revisions"}],"predecessor-version":[{"id":58025,"href":"https:\/\/imprimeideas.es\/en\/wp-json\/wp\/v2\/product\/49475\/revisions\/58025"}],"wp:featuredmedia":[{"embeddable":true,"href":"https:\/\/imprimeideas.es\/en\/wp-json\/wp\/v2\/media\/69983"}],"wp:attachment":[{"href":"https:\/\/imprimeideas.es\/en\/wp-json\/wp\/v2\/media?parent=49475"}],"wp:term":[{"taxonomy":"product_brand","embeddable":true,"href":"https:\/\/imprimeideas.es\/en\/wp-json\/wp\/v2\/product_brand?post=49475"},{"taxonomy":"product_cat","embeddable":true,"href":"https:\/\/imprimeideas.es\/en\/wp-json\/wp\/v2\/product_cat?post=49475"},{"taxonomy":"product_tag","embeddable":true,"href":"https:\/\/imprimeideas.es\/en\/wp-json\/wp\/v2\/product_tag?post=49475"}],"curies":[{"name":"wp","href":"https:\/\/api.w.org\/{rel}","templated":true}]}}