{"id":49460,"date":"2026-02-24T11:48:05","date_gmt":"2026-02-24T10:48:05","guid":{"rendered":"https:\/\/imprimeideas.es\/?post_type=product&p=49460"},"modified":"2026-02-26T18:03:13","modified_gmt":"2026-02-26T17:03:13","slug":"boligrafo-reffel","status":"publish","type":"product","link":"https:\/\/imprimeideas.es\/en\/product\/boligrafo-reffel\/","title":{"rendered":"Bol\u00edgrafo Reffel"},"content":{"rendered":"<p>Bol\u00edgrafo puntero fabricado en aluminio. De mecanismo pulsador con puntero y clip met\u00e1lico a juego con el cuerpo. Cuerpo terminaci\u00f3n en goma, especialmente dise\u00f1ado para marcaje en l\u00e1ser. De cartucho jumbo y en tinta azul.<\/p>","protected":false},"excerpt":{"rendered":"<p>Carga Jumbo<\/p>","protected":false},"featured_media":82200,"comment_status":"open","ping_status":"open","template":"","meta":{"inline_featured_image":false},"product_brand":[],"product_cat":[100],"product_tag":[],"class_list":{"0":"post-49460","1":"product","2":"type-product","3":"status-publish","4":"has-post-thumbnail","6":"product_cat-escritura","8":"first","9":"instock","10":"taxable","11":"shipping-taxable","12":"purchasable","13":"product-type-variable","14":"has-default-attributes"},"aioseo_notices":[],"_links":{"self":[{"href":"https:\/\/imprimeideas.es\/en\/wp-json\/wp\/v2\/product\/49460","targetHints":{"allow":["GET"]}}],"collection":[{"href":"https:\/\/imprimeideas.es\/en\/wp-json\/wp\/v2\/product"}],"about":[{"href":"https:\/\/imprimeideas.es\/en\/wp-json\/wp\/v2\/types\/product"}],"replies":[{"embeddable":true,"href":"https:\/\/imprimeideas.es\/en\/wp-json\/wp\/v2\/comments?post=49460"}],"version-history":[{"count":1,"href":"https:\/\/imprimeideas.es\/en\/wp-json\/wp\/v2\/product\/49460\/revisions"}],"predecessor-version":[{"id":58023,"href":"https:\/\/imprimeideas.es\/en\/wp-json\/wp\/v2\/product\/49460\/revisions\/58023"}],"wp:featuredmedia":[{"embeddable":true,"href":"https:\/\/imprimeideas.es\/en\/wp-json\/wp\/v2\/media\/82200"}],"wp:attachment":[{"href":"https:\/\/imprimeideas.es\/en\/wp-json\/wp\/v2\/media?parent=49460"}],"wp:term":[{"taxonomy":"product_brand","embeddable":true,"href":"https:\/\/imprimeideas.es\/en\/wp-json\/wp\/v2\/product_brand?post=49460"},{"taxonomy":"product_cat","embeddable":true,"href":"https:\/\/imprimeideas.es\/en\/wp-json\/wp\/v2\/product_cat?post=49460"},{"taxonomy":"product_tag","embeddable":true,"href":"https:\/\/imprimeideas.es\/en\/wp-json\/wp\/v2\/product_tag?post=49460"}],"curies":[{"name":"wp","href":"https:\/\/api.w.org\/{rel}","templated":true}]}}