{"id":49458,"date":"2026-02-24T11:48:04","date_gmt":"2026-02-24T10:48:04","guid":{"rendered":"https:\/\/imprimeideas.es\/?post_type=product&p=49458"},"modified":"2026-02-26T18:23:16","modified_gmt":"2026-02-26T17:23:16","slug":"lampara-tuxfan","status":"publish","type":"product","link":"https:\/\/imprimeideas.es\/en\/product\/lampara-tuxfan\/","title":{"rendered":"L\u00e1mpara Tuxfan"},"content":{"rendered":"<p>L\u00e1mpara en PE de color blanco. Incluye asa superior de suave silicona en tono gris, que facilita su transporte y a\u00f1ade un toque moderno al dise\u00f1o. Equipada con 4 LEDs , proporciona una luz uniforme y eficiente, tanto para interiores como exteriores. Funciona con 3 pilas AA (no incluidas). Dispone de bot\u00f3n de encendido\/apagado.<\/p>","protected":false},"excerpt":{"rendered":"<p>4 Ledes. 3 Pilas AA No Incluidas<\/p>","protected":false},"featured_media":78706,"comment_status":"open","ping_status":"open","template":"","meta":{"inline_featured_image":false},"product_brand":[],"product_cat":[104,105],"product_tag":[],"class_list":{"0":"post-49458","1":"product","2":"type-product","3":"status-publish","4":"has-post-thumbnail","6":"product_cat-hogar-y-decoracion","7":"product_cat-vino-accesorios-de-bebida-y-hosteleria","9":"first","10":"instock","11":"taxable","12":"shipping-taxable","13":"purchasable","14":"product-type-variable","15":"has-default-attributes"},"aioseo_notices":[],"_links":{"self":[{"href":"https:\/\/imprimeideas.es\/en\/wp-json\/wp\/v2\/product\/49458","targetHints":{"allow":["GET"]}}],"collection":[{"href":"https:\/\/imprimeideas.es\/en\/wp-json\/wp\/v2\/product"}],"about":[{"href":"https:\/\/imprimeideas.es\/en\/wp-json\/wp\/v2\/types\/product"}],"replies":[{"embeddable":true,"href":"https:\/\/imprimeideas.es\/en\/wp-json\/wp\/v2\/comments?post=49458"}],"version-history":[{"count":1,"href":"https:\/\/imprimeideas.es\/en\/wp-json\/wp\/v2\/product\/49458\/revisions"}],"predecessor-version":[{"id":58022,"href":"https:\/\/imprimeideas.es\/en\/wp-json\/wp\/v2\/product\/49458\/revisions\/58022"}],"wp:featuredmedia":[{"embeddable":true,"href":"https:\/\/imprimeideas.es\/en\/wp-json\/wp\/v2\/media\/78706"}],"wp:attachment":[{"href":"https:\/\/imprimeideas.es\/en\/wp-json\/wp\/v2\/media?parent=49458"}],"wp:term":[{"taxonomy":"product_brand","embeddable":true,"href":"https:\/\/imprimeideas.es\/en\/wp-json\/wp\/v2\/product_brand?post=49458"},{"taxonomy":"product_cat","embeddable":true,"href":"https:\/\/imprimeideas.es\/en\/wp-json\/wp\/v2\/product_cat?post=49458"},{"taxonomy":"product_tag","embeddable":true,"href":"https:\/\/imprimeideas.es\/en\/wp-json\/wp\/v2\/product_tag?post=49458"}],"curies":[{"name":"wp","href":"https:\/\/api.w.org\/{rel}","templated":true}]}}