{"id":49456,"date":"2026-02-24T11:48:04","date_gmt":"2026-02-24T10:48:04","guid":{"rendered":"https:\/\/imprimeideas.es\/?post_type=product&p=49456"},"modified":"2026-02-26T18:33:02","modified_gmt":"2026-02-26T17:33:02","slug":"mochila-lamdy","status":"publish","type":"product","link":"https:\/\/imprimeideas.es\/en\/product\/mochila-lamdy\/","title":{"rendered":"Mochila Lamdy"},"content":{"rendered":"<p>Mochila de cuerdas en RPET, con compartimento principal de dise\u00f1o transparente. Cuenta con cuerdas de autocierre y esquinas reforzadas con resistentes argollas met\u00e1licas. Iincluye pr\u00e1ctico bolsillo frontal de rejilla con cierre de cremallera. Incluye distintivo RPET en etiqueta lateral.El material RPET se elabora a partir de pl\u00e1stico reciclado, para as\u00ed fomentar la reutilizaci\u00f3n de residuos pl\u00e1sticos y ayudar a la sostenibilidad del planeta.<\/p>","protected":false},"excerpt":{"rendered":"<p>Mochila de cuerdas en RPET, con compartimento principal de dise\u00f1o transparente. Cuenta con cuerdas de autocierre y esquinas reforzadas con<\/p>","protected":false},"featured_media":75755,"comment_status":"open","ping_status":"open","template":"","meta":{"inline_featured_image":false},"product_brand":[],"product_cat":[113,94],"product_tag":[],"class_list":{"0":"post-49456","1":"product","2":"type-product","3":"status-publish","4":"has-post-thumbnail","6":"product_cat-eventos-y-fiesta","7":"product_cat-mochilas","9":"first","10":"instock","11":"taxable","12":"shipping-taxable","13":"purchasable","14":"product-type-variable","15":"has-default-attributes"},"aioseo_notices":[],"_links":{"self":[{"href":"https:\/\/imprimeideas.es\/en\/wp-json\/wp\/v2\/product\/49456","targetHints":{"allow":["GET"]}}],"collection":[{"href":"https:\/\/imprimeideas.es\/en\/wp-json\/wp\/v2\/product"}],"about":[{"href":"https:\/\/imprimeideas.es\/en\/wp-json\/wp\/v2\/types\/product"}],"replies":[{"embeddable":true,"href":"https:\/\/imprimeideas.es\/en\/wp-json\/wp\/v2\/comments?post=49456"}],"version-history":[{"count":1,"href":"https:\/\/imprimeideas.es\/en\/wp-json\/wp\/v2\/product\/49456\/revisions"}],"predecessor-version":[{"id":58021,"href":"https:\/\/imprimeideas.es\/en\/wp-json\/wp\/v2\/product\/49456\/revisions\/58021"}],"wp:featuredmedia":[{"embeddable":true,"href":"https:\/\/imprimeideas.es\/en\/wp-json\/wp\/v2\/media\/75755"}],"wp:attachment":[{"href":"https:\/\/imprimeideas.es\/en\/wp-json\/wp\/v2\/media?parent=49456"}],"wp:term":[{"taxonomy":"product_brand","embeddable":true,"href":"https:\/\/imprimeideas.es\/en\/wp-json\/wp\/v2\/product_brand?post=49456"},{"taxonomy":"product_cat","embeddable":true,"href":"https:\/\/imprimeideas.es\/en\/wp-json\/wp\/v2\/product_cat?post=49456"},{"taxonomy":"product_tag","embeddable":true,"href":"https:\/\/imprimeideas.es\/en\/wp-json\/wp\/v2\/product_tag?post=49456"}],"curies":[{"name":"wp","href":"https:\/\/api.w.org\/{rel}","templated":true}]}}