{"id":49450,"date":"2026-02-24T11:48:03","date_gmt":"2026-02-24T10:48:03","guid":{"rendered":"https:\/\/imprimeideas.es\/?post_type=product&p=49450"},"modified":"2026-02-26T18:42:27","modified_gmt":"2026-02-26T17:42:27","slug":"vaso-kyndo","status":"publish","type":"product","link":"https:\/\/imprimeideas.es\/en\/product\/vaso-kyndo\/","title":{"rendered":"Vaso Kyndo"},"content":{"rendered":"<p>Vaso de 360 ml de capacidad fabricado en resistente PP Reciclado. Cuerpo en acabado frosted transl\u00facido. Tapa herm\u00e9tica en color negro con dosificador de f\u00e1cil apertura, libre de BPA, con cierre a rosca e incluye una pr\u00e1ctica asa de transporte en poli\u00e9ster. Con certificaci\u00f3n Food Grade, garantizando la seguridad cuando los alimentos entran en contacto con el material usado para fabricar el producto. El PP reciclado es un pl\u00e1stico reciclado y altamente reciclable, de gran resistencia y apto para multitud de aplicaciones.<\/p>","protected":false},"excerpt":{"rendered":"<p>400 ml<\/p>","protected":false},"featured_media":84636,"comment_status":"open","ping_status":"open","template":"","meta":{"inline_featured_image":false},"product_brand":[],"product_cat":[97],"product_tag":[],"class_list":{"0":"post-49450","1":"product","2":"type-product","3":"status-publish","4":"has-post-thumbnail","6":"product_cat-tazas-jarras-y-termos","8":"first","9":"instock","10":"taxable","11":"shipping-taxable","12":"purchasable","13":"product-type-variable","14":"has-default-attributes"},"aioseo_notices":[],"_links":{"self":[{"href":"https:\/\/imprimeideas.es\/en\/wp-json\/wp\/v2\/product\/49450","targetHints":{"allow":["GET"]}}],"collection":[{"href":"https:\/\/imprimeideas.es\/en\/wp-json\/wp\/v2\/product"}],"about":[{"href":"https:\/\/imprimeideas.es\/en\/wp-json\/wp\/v2\/types\/product"}],"replies":[{"embeddable":true,"href":"https:\/\/imprimeideas.es\/en\/wp-json\/wp\/v2\/comments?post=49450"}],"version-history":[{"count":1,"href":"https:\/\/imprimeideas.es\/en\/wp-json\/wp\/v2\/product\/49450\/revisions"}],"predecessor-version":[{"id":58020,"href":"https:\/\/imprimeideas.es\/en\/wp-json\/wp\/v2\/product\/49450\/revisions\/58020"}],"wp:featuredmedia":[{"embeddable":true,"href":"https:\/\/imprimeideas.es\/en\/wp-json\/wp\/v2\/media\/84636"}],"wp:attachment":[{"href":"https:\/\/imprimeideas.es\/en\/wp-json\/wp\/v2\/media?parent=49450"}],"wp:term":[{"taxonomy":"product_brand","embeddable":true,"href":"https:\/\/imprimeideas.es\/en\/wp-json\/wp\/v2\/product_brand?post=49450"},{"taxonomy":"product_cat","embeddable":true,"href":"https:\/\/imprimeideas.es\/en\/wp-json\/wp\/v2\/product_cat?post=49450"},{"taxonomy":"product_tag","embeddable":true,"href":"https:\/\/imprimeideas.es\/en\/wp-json\/wp\/v2\/product_tag?post=49450"}],"curies":[{"name":"wp","href":"https:\/\/api.w.org\/{rel}","templated":true}]}}