{"id":49429,"date":"2026-02-24T11:47:41","date_gmt":"2026-02-24T10:47:41","guid":{"rendered":"https:\/\/imprimeideas.es\/?post_type=product&p=49429"},"modified":"2026-02-26T18:28:02","modified_gmt":"2026-02-26T17:28:02","slug":"auriculares-kardax","status":"publish","type":"product","link":"https:\/\/imprimeideas.es\/en\/product\/auriculares-kardax\/","title":{"rendered":"Auriculares Kardax"},"content":{"rendered":"<p>Auriculares intraurales con pantalla t\u00e1ctil equipados con tecnolog\u00eda ANC (Active Noise Cancellation) y ENC (Electronic Noise Cancellation), que reducen significativamente los ruidos externos para ofrecer una experiencia sonora inmersiva y de alta calidad.Incorporan pantalla t\u00e1ctil a color con m\u00faltiples funciones:-Control de los auriculares.-Funci\u00f3n manos libres para llamadas.-Opci\u00f3n de pasar canciones.-Alarma.-Soporte para varios idiomas.-Fondo de pantalla personalizable.-Visualizaci\u00f3n de fecha.-Control remoto para la funci\u00f3n disparadora de fotos.-Acceso directo a asistentes de voz.Con conexi\u00f3n Bluetooth 5.2 y recargables por USB Tipo C -cable incluido-.Fabricados conforme a los est\u00e1ndares RoHS y en cumplimiento con los siguientes requisitos de seguridad:Sistema de protecci\u00f3n contra sobrecalentamiento.Sistema de protecci\u00f3n contra sobrecarga.Sistema de bloqueo para evitar cortocircuitos.Conexi\u00f3n Bluetooth. Bater\u00eda 30 mAh\/ Base Carga 300 mAh<\/p>","protected":false},"excerpt":{"rendered":"<p>Conexi\u00f3n Bluetooth. Bater\u00eda 30 mAh\/ Base Carga 300 mAh<\/p>","protected":false},"featured_media":78046,"comment_status":"open","ping_status":"open","template":"","meta":{"inline_featured_image":false},"product_brand":[],"product_cat":[95],"product_tag":[],"class_list":{"0":"post-49429","1":"product","2":"type-product","3":"status-publish","4":"has-post-thumbnail","6":"product_cat-tecnologia-y-accesorios","8":"first","9":"instock","10":"taxable","11":"shipping-taxable","12":"purchasable","13":"product-type-variable","14":"has-default-attributes"},"aioseo_notices":[],"_links":{"self":[{"href":"https:\/\/imprimeideas.es\/en\/wp-json\/wp\/v2\/product\/49429","targetHints":{"allow":["GET"]}}],"collection":[{"href":"https:\/\/imprimeideas.es\/en\/wp-json\/wp\/v2\/product"}],"about":[{"href":"https:\/\/imprimeideas.es\/en\/wp-json\/wp\/v2\/types\/product"}],"replies":[{"embeddable":true,"href":"https:\/\/imprimeideas.es\/en\/wp-json\/wp\/v2\/comments?post=49429"}],"version-history":[{"count":1,"href":"https:\/\/imprimeideas.es\/en\/wp-json\/wp\/v2\/product\/49429\/revisions"}],"predecessor-version":[{"id":58017,"href":"https:\/\/imprimeideas.es\/en\/wp-json\/wp\/v2\/product\/49429\/revisions\/58017"}],"wp:featuredmedia":[{"embeddable":true,"href":"https:\/\/imprimeideas.es\/en\/wp-json\/wp\/v2\/media\/78046"}],"wp:attachment":[{"href":"https:\/\/imprimeideas.es\/en\/wp-json\/wp\/v2\/media?parent=49429"}],"wp:term":[{"taxonomy":"product_brand","embeddable":true,"href":"https:\/\/imprimeideas.es\/en\/wp-json\/wp\/v2\/product_brand?post=49429"},{"taxonomy":"product_cat","embeddable":true,"href":"https:\/\/imprimeideas.es\/en\/wp-json\/wp\/v2\/product_cat?post=49429"},{"taxonomy":"product_tag","embeddable":true,"href":"https:\/\/imprimeideas.es\/en\/wp-json\/wp\/v2\/product_tag?post=49429"}],"curies":[{"name":"wp","href":"https:\/\/api.w.org\/{rel}","templated":true}]}}