{"id":49398,"date":"2026-02-24T11:47:37","date_gmt":"2026-02-24T10:47:37","guid":{"rendered":"https:\/\/imprimeideas.es\/?post_type=product&p=49398"},"modified":"2026-02-26T18:28:07","modified_gmt":"2026-02-26T17:28:07","slug":"cable-cargador-soporte-tebrer","status":"publish","type":"product","link":"https:\/\/imprimeideas.es\/en\/product\/cable-cargador-soporte-tebrer\/","title":{"rendered":"Cable Cargador Soporte Tebrer"},"content":{"rendered":"<p>Innovador lanyard con funci\u00f3n de soporte y cable cargador, fabricado en una combinaci\u00f3n de poli\u00e9ster RPET y aluminio reciclado. Dise\u00f1ado para colocarse f\u00e1cilmente entre la funda y el smartphone gracias a su accesorio de transporte. Incluye cinta a juego, mosquet\u00f3n met\u00e1lico giratorio en color negro y accesorio de seguridad para el cuello. Ofrece funcionalidad de carga y traspaso de datos, con entrada USB y Tipo C, y salidas Micro USB, Lightning y Tipo C. Presenta un distintivo de RPET en etiqueta kraft, destacando su compromiso sostenible.El material RPET se elabora a partir de pl\u00e1stico reciclado, para as\u00ed fomentar la reutilizaci\u00f3n de residuos pl\u00e1sticos y ayudar a la sostenibilidad del planeta.El Aluminio Reciclado es un material con posibilidades de reciclaje casi infinitas, sin perder sus propiedades originales y consumiendo menos energ\u00eda en este proceso.Certificaci\u00f3n GRS (Global Recycled Standard \/ Est\u00e1ndar de Reciclaje Global), que garantiza el origen reciclado del material usado para fabricar el producto.<\/p>","protected":false},"excerpt":{"rendered":"<p>Conexi\u00f3n Micro USB, Tipo C y Lightning 5V DC 2.4A<\/p>","protected":false},"featured_media":74207,"comment_status":"open","ping_status":"open","template":"","meta":{"inline_featured_image":false},"product_brand":[],"product_cat":[95],"product_tag":[],"class_list":{"0":"post-49398","1":"product","2":"type-product","3":"status-publish","4":"has-post-thumbnail","6":"product_cat-tecnologia-y-accesorios","8":"first","9":"instock","10":"taxable","11":"shipping-taxable","12":"purchasable","13":"product-type-variable","14":"has-default-attributes"},"aioseo_notices":[],"_links":{"self":[{"href":"https:\/\/imprimeideas.es\/en\/wp-json\/wp\/v2\/product\/49398","targetHints":{"allow":["GET"]}}],"collection":[{"href":"https:\/\/imprimeideas.es\/en\/wp-json\/wp\/v2\/product"}],"about":[{"href":"https:\/\/imprimeideas.es\/en\/wp-json\/wp\/v2\/types\/product"}],"replies":[{"embeddable":true,"href":"https:\/\/imprimeideas.es\/en\/wp-json\/wp\/v2\/comments?post=49398"}],"version-history":[{"count":1,"href":"https:\/\/imprimeideas.es\/en\/wp-json\/wp\/v2\/product\/49398\/revisions"}],"predecessor-version":[{"id":58010,"href":"https:\/\/imprimeideas.es\/en\/wp-json\/wp\/v2\/product\/49398\/revisions\/58010"}],"wp:featuredmedia":[{"embeddable":true,"href":"https:\/\/imprimeideas.es\/en\/wp-json\/wp\/v2\/media\/74207"}],"wp:attachment":[{"href":"https:\/\/imprimeideas.es\/en\/wp-json\/wp\/v2\/media?parent=49398"}],"wp:term":[{"taxonomy":"product_brand","embeddable":true,"href":"https:\/\/imprimeideas.es\/en\/wp-json\/wp\/v2\/product_brand?post=49398"},{"taxonomy":"product_cat","embeddable":true,"href":"https:\/\/imprimeideas.es\/en\/wp-json\/wp\/v2\/product_cat?post=49398"},{"taxonomy":"product_tag","embeddable":true,"href":"https:\/\/imprimeideas.es\/en\/wp-json\/wp\/v2\/product_tag?post=49398"}],"curies":[{"name":"wp","href":"https:\/\/api.w.org\/{rel}","templated":true}]}}