{"id":49396,"date":"2026-02-24T11:47:37","date_gmt":"2026-02-24T10:47:37","guid":{"rendered":"https:\/\/imprimeideas.es\/?post_type=product&p=49396"},"modified":"2026-02-26T18:13:43","modified_gmt":"2026-02-26T17:13:43","slug":"set-cables-cargadores-nebrex","status":"publish","type":"product","link":"https:\/\/imprimeideas.es\/en\/product\/set-cables-cargadores-nebrex\/","title":{"rendered":"Set Cables Cargadores Nebrex"},"content":{"rendered":"<p>Set de cables cargadores en ABS Reciclado (RABS). Incluye:- Carga inal\u00e1mbrica para smartwatch,.- Cable multifunci\u00f3n con cabezales USB, Tipo-C y Lightning, compatible con una amplia variedad de dispositivos y con capacidad de transferencia de datos.- Pin eyector de SIM, con ranuras para almacenamiento de Nano SIM y tarjetas TF.El RABS es un pl\u00e1stico altamente reciclable de gran resistencia y con multitud de aplicaciones que lo convierten en una soluci\u00f3n eco-friendly. Con certificaci\u00f3n RCS, que garantiza el origen reciclado del mismo y con logo RABS grabado.<\/p>","protected":false},"excerpt":{"rendered":"<p>Apto para transferir datos. Conexi\u00f3n Micro USB, Tipo C y Lightning 5V DC 3A. Eyector de SIM Incluido. Funda PU Reciclado<\/p>","protected":false},"featured_media":49572,"comment_status":"open","ping_status":"open","template":"","meta":{"inline_featured_image":false},"product_brand":[],"product_cat":[95],"product_tag":[],"class_list":{"0":"post-49396","1":"product","2":"type-product","3":"status-publish","4":"has-post-thumbnail","6":"product_cat-tecnologia-y-accesorios","8":"first","9":"instock","10":"taxable","11":"shipping-taxable","12":"purchasable","13":"product-type-variable","14":"has-default-attributes"},"aioseo_notices":[],"_links":{"self":[{"href":"https:\/\/imprimeideas.es\/en\/wp-json\/wp\/v2\/product\/49396","targetHints":{"allow":["GET"]}}],"collection":[{"href":"https:\/\/imprimeideas.es\/en\/wp-json\/wp\/v2\/product"}],"about":[{"href":"https:\/\/imprimeideas.es\/en\/wp-json\/wp\/v2\/types\/product"}],"replies":[{"embeddable":true,"href":"https:\/\/imprimeideas.es\/en\/wp-json\/wp\/v2\/comments?post=49396"}],"version-history":[{"count":1,"href":"https:\/\/imprimeideas.es\/en\/wp-json\/wp\/v2\/product\/49396\/revisions"}],"predecessor-version":[{"id":58009,"href":"https:\/\/imprimeideas.es\/en\/wp-json\/wp\/v2\/product\/49396\/revisions\/58009"}],"wp:featuredmedia":[{"embeddable":true,"href":"https:\/\/imprimeideas.es\/en\/wp-json\/wp\/v2\/media\/49572"}],"wp:attachment":[{"href":"https:\/\/imprimeideas.es\/en\/wp-json\/wp\/v2\/media?parent=49396"}],"wp:term":[{"taxonomy":"product_brand","embeddable":true,"href":"https:\/\/imprimeideas.es\/en\/wp-json\/wp\/v2\/product_brand?post=49396"},{"taxonomy":"product_cat","embeddable":true,"href":"https:\/\/imprimeideas.es\/en\/wp-json\/wp\/v2\/product_cat?post=49396"},{"taxonomy":"product_tag","embeddable":true,"href":"https:\/\/imprimeideas.es\/en\/wp-json\/wp\/v2\/product_tag?post=49396"}],"curies":[{"name":"wp","href":"https:\/\/api.w.org\/{rel}","templated":true}]}}