{"id":49390,"date":"2026-02-24T11:47:36","date_gmt":"2026-02-24T10:47:36","guid":{"rendered":"https:\/\/imprimeideas.es\/?post_type=product&p=49390"},"modified":"2026-02-26T18:08:12","modified_gmt":"2026-02-26T17:08:12","slug":"lapicero-multifuncion-deblik","status":"publish","type":"product","link":"https:\/\/imprimeideas.es\/en\/product\/lapicero-multifuncion-deblik\/","title":{"rendered":"Lapicero Multifunci\u00f3n Deblik"},"content":{"rendered":"<p>Lapicero multifunci\u00f3n con calentador de tazas y cargador inal\u00e1mbrico integrado 15W. Fabricado en bamb\u00fa, con una amplia superficie que permite calentar la taza y cargar el dispositivo simult\u00e1neamente. Compatible con dispositivos equipados con tecnolog\u00eda de carga inal\u00e1mbrica Qi. Incluye cable de carga Tipo C de 1 m. Con manual de instrucciones en espa\u00f1ol e ingl\u00e9s.Materiales como el Bamb\u00fa fomentan la utilizaci\u00f3n de materias primas naturales reduciendo las emisiones contaminantes. Adem\u00e1s, el bamb\u00fa proviene de una planta de gran resistencia y versatilidad, con crecimiento y regeneraci\u00f3n r\u00e1pida, siendo una excelente alternativa al uso de madera tradicional.Fabricado conforme a los est\u00e1ndares RoHS y en cumplimiento con los siguientes requisitos de seguridad:Sistema de protecci\u00f3n contra sobrecalentamiento.Sistema de protecci\u00f3n contra sobrecarga.Sistema de bloqueo para evitar cortocircuitos.Sistema de transferencia de carga constante, acorde a la capacidad del dispositivo de destino.<\/p>","protected":false},"excerpt":{"rendered":"<p>Calentador Tazas. Cargador Inal\u00e1mbrico 15W. Conexi\u00f3n USB y Tipo C<\/p>","protected":false},"featured_media":80323,"comment_status":"open","ping_status":"open","template":"","meta":{"inline_featured_image":false},"product_brand":[],"product_cat":[96,95],"product_tag":[],"class_list":{"0":"post-49390","1":"product","2":"type-product","3":"status-publish","4":"has-post-thumbnail","6":"product_cat-oficina-y-negocios","7":"product_cat-tecnologia-y-accesorios","9":"first","10":"outofstock","11":"taxable","12":"shipping-taxable","13":"purchasable","14":"product-type-variable","15":"has-default-attributes"},"aioseo_notices":[],"_links":{"self":[{"href":"https:\/\/imprimeideas.es\/en\/wp-json\/wp\/v2\/product\/49390","targetHints":{"allow":["GET"]}}],"collection":[{"href":"https:\/\/imprimeideas.es\/en\/wp-json\/wp\/v2\/product"}],"about":[{"href":"https:\/\/imprimeideas.es\/en\/wp-json\/wp\/v2\/types\/product"}],"replies":[{"embeddable":true,"href":"https:\/\/imprimeideas.es\/en\/wp-json\/wp\/v2\/comments?post=49390"}],"version-history":[{"count":1,"href":"https:\/\/imprimeideas.es\/en\/wp-json\/wp\/v2\/product\/49390\/revisions"}],"predecessor-version":[{"id":58007,"href":"https:\/\/imprimeideas.es\/en\/wp-json\/wp\/v2\/product\/49390\/revisions\/58007"}],"wp:featuredmedia":[{"embeddable":true,"href":"https:\/\/imprimeideas.es\/en\/wp-json\/wp\/v2\/media\/80323"}],"wp:attachment":[{"href":"https:\/\/imprimeideas.es\/en\/wp-json\/wp\/v2\/media?parent=49390"}],"wp:term":[{"taxonomy":"product_brand","embeddable":true,"href":"https:\/\/imprimeideas.es\/en\/wp-json\/wp\/v2\/product_brand?post=49390"},{"taxonomy":"product_cat","embeddable":true,"href":"https:\/\/imprimeideas.es\/en\/wp-json\/wp\/v2\/product_cat?post=49390"},{"taxonomy":"product_tag","embeddable":true,"href":"https:\/\/imprimeideas.es\/en\/wp-json\/wp\/v2\/product_tag?post=49390"}],"curies":[{"name":"wp","href":"https:\/\/api.w.org\/{rel}","templated":true}]}}