{"id":49362,"date":"2026-02-24T11:47:33","date_gmt":"2026-02-24T10:47:33","guid":{"rendered":"https:\/\/imprimeideas.es\/?post_type=product&p=49362"},"modified":"2026-02-26T18:28:08","modified_gmt":"2026-02-26T17:28:08","slug":"set-rotuladores-kuyam","status":"publish","type":"product","link":"https:\/\/imprimeideas.es\/en\/product\/set-rotuladores-kuyam\/","title":{"rendered":"Set Rotuladores Kuyam"},"content":{"rendered":"<p>Set de 6 rotuladores en variados colores, dise\u00f1ados para crear dise\u00f1os \u00fanicos directamente sobre cer\u00e1mica. F\u00e1cil de usar, permite infinitas posibilidades de personalizaci\u00f3n en casa, fijando los dise\u00f1os con un horno convencional. Incluye instrucciones de uso detalladas en el reverso de la caja.<\/p>","protected":false},"excerpt":{"rendered":"<p>6 Piezas. Especiales para Cer\u00e1mica<\/p>","protected":false},"featured_media":49549,"comment_status":"open","ping_status":"open","template":"","meta":{"inline_featured_image":false},"product_brand":[],"product_cat":[108,97],"product_tag":[],"class_list":{"0":"post-49362","1":"product","2":"type-product","3":"status-publish","4":"has-post-thumbnail","6":"product_cat-infantil","7":"product_cat-tazas-jarras-y-termos","9":"first","10":"instock","11":"taxable","12":"shipping-taxable","13":"purchasable","14":"product-type-variable","15":"has-default-attributes"},"aioseo_notices":[],"_links":{"self":[{"href":"https:\/\/imprimeideas.es\/en\/wp-json\/wp\/v2\/product\/49362","targetHints":{"allow":["GET"]}}],"collection":[{"href":"https:\/\/imprimeideas.es\/en\/wp-json\/wp\/v2\/product"}],"about":[{"href":"https:\/\/imprimeideas.es\/en\/wp-json\/wp\/v2\/types\/product"}],"replies":[{"embeddable":true,"href":"https:\/\/imprimeideas.es\/en\/wp-json\/wp\/v2\/comments?post=49362"}],"version-history":[{"count":1,"href":"https:\/\/imprimeideas.es\/en\/wp-json\/wp\/v2\/product\/49362\/revisions"}],"predecessor-version":[{"id":58001,"href":"https:\/\/imprimeideas.es\/en\/wp-json\/wp\/v2\/product\/49362\/revisions\/58001"}],"wp:featuredmedia":[{"embeddable":true,"href":"https:\/\/imprimeideas.es\/en\/wp-json\/wp\/v2\/media\/49549"}],"wp:attachment":[{"href":"https:\/\/imprimeideas.es\/en\/wp-json\/wp\/v2\/media?parent=49362"}],"wp:term":[{"taxonomy":"product_brand","embeddable":true,"href":"https:\/\/imprimeideas.es\/en\/wp-json\/wp\/v2\/product_brand?post=49362"},{"taxonomy":"product_cat","embeddable":true,"href":"https:\/\/imprimeideas.es\/en\/wp-json\/wp\/v2\/product_cat?post=49362"},{"taxonomy":"product_tag","embeddable":true,"href":"https:\/\/imprimeideas.es\/en\/wp-json\/wp\/v2\/product_tag?post=49362"}],"curies":[{"name":"wp","href":"https:\/\/api.w.org\/{rel}","templated":true}]}}