{"id":49319,"date":"2026-02-24T11:47:28","date_gmt":"2026-02-24T10:47:28","guid":{"rendered":"https:\/\/imprimeideas.es\/?post_type=product&p=49319"},"modified":"2026-02-26T18:03:12","modified_gmt":"2026-02-26T17:03:12","slug":"multiherramienta-basarik","status":"publish","type":"product","link":"https:\/\/imprimeideas.es\/en\/product\/multiherramienta-basarik\/","title":{"rendered":"Multiherramienta Basarik"},"content":{"rendered":"<p>Multiherramienta de acero inoxidable y acabado negro mate. Dise\u00f1ada para adaptarse a m\u00faltiples necesidades, incluye 8 funciones: llave para tuercas hexagonales en varios tama\u00f1os, regla para mediciones, abrebotellas, moneda para carro de compra, etc. Con cierre de mosquet\u00f3n.<\/p>","protected":false},"excerpt":{"rendered":"<p>8 Funciones<\/p>","protected":false},"featured_media":71060,"comment_status":"open","ping_status":"open","template":"","meta":{"inline_featured_image":false},"product_brand":[],"product_cat":[106],"product_tag":[],"class_list":{"0":"post-49319","1":"product","2":"type-product","3":"status-publish","4":"has-post-thumbnail","6":"product_cat-regalos-y-premiums","8":"first","9":"instock","10":"taxable","11":"shipping-taxable","12":"purchasable","13":"product-type-variable","14":"has-default-attributes"},"aioseo_notices":[],"_links":{"self":[{"href":"https:\/\/imprimeideas.es\/en\/wp-json\/wp\/v2\/product\/49319","targetHints":{"allow":["GET"]}}],"collection":[{"href":"https:\/\/imprimeideas.es\/en\/wp-json\/wp\/v2\/product"}],"about":[{"href":"https:\/\/imprimeideas.es\/en\/wp-json\/wp\/v2\/types\/product"}],"replies":[{"embeddable":true,"href":"https:\/\/imprimeideas.es\/en\/wp-json\/wp\/v2\/comments?post=49319"}],"version-history":[{"count":1,"href":"https:\/\/imprimeideas.es\/en\/wp-json\/wp\/v2\/product\/49319\/revisions"}],"predecessor-version":[{"id":57991,"href":"https:\/\/imprimeideas.es\/en\/wp-json\/wp\/v2\/product\/49319\/revisions\/57991"}],"wp:featuredmedia":[{"embeddable":true,"href":"https:\/\/imprimeideas.es\/en\/wp-json\/wp\/v2\/media\/71060"}],"wp:attachment":[{"href":"https:\/\/imprimeideas.es\/en\/wp-json\/wp\/v2\/media?parent=49319"}],"wp:term":[{"taxonomy":"product_brand","embeddable":true,"href":"https:\/\/imprimeideas.es\/en\/wp-json\/wp\/v2\/product_brand?post=49319"},{"taxonomy":"product_cat","embeddable":true,"href":"https:\/\/imprimeideas.es\/en\/wp-json\/wp\/v2\/product_cat?post=49319"},{"taxonomy":"product_tag","embeddable":true,"href":"https:\/\/imprimeideas.es\/en\/wp-json\/wp\/v2\/product_tag?post=49319"}],"curies":[{"name":"wp","href":"https:\/\/api.w.org\/{rel}","templated":true}]}}