{"id":49316,"date":"2026-02-24T11:47:28","date_gmt":"2026-02-24T10:47:28","guid":{"rendered":"https:\/\/imprimeideas.es\/?post_type=product&p=49316"},"modified":"2026-02-26T18:23:16","modified_gmt":"2026-02-26T17:23:16","slug":"estuche-tabaco-llavero-jiyane","status":"publish","type":"product","link":"https:\/\/imprimeideas.es\/en\/product\/estuche-tabaco-llavero-jiyane\/","title":{"rendered":"Estuche Tabaco Llavero Jiyane"},"content":{"rendered":"<p>Pr\u00e1ctico llavero estuche para tabaco de dise\u00f1o compacto, ideal para un transporte c\u00f3modo. Ofrece capacidad para cuatro cigarros con una tapa extra\u00edble y met\u00e1lica anilla llavero.<\/p>","protected":false},"excerpt":{"rendered":"<p>Pr\u00e1ctico llavero estuche para tabaco de dise\u00f1o compacto, ideal para un transporte c\u00f3modo. Ofrece capacidad para cuatro cigarros con una<\/p>","protected":false},"featured_media":71271,"comment_status":"open","ping_status":"open","template":"","meta":{"inline_featured_image":false},"product_brand":[],"product_cat":[106],"product_tag":[],"class_list":{"0":"post-49316","1":"product","2":"type-product","3":"status-publish","4":"has-post-thumbnail","6":"product_cat-regalos-y-premiums","8":"first","9":"instock","10":"taxable","11":"shipping-taxable","12":"purchasable","13":"product-type-variable","14":"has-default-attributes"},"aioseo_notices":[],"_links":{"self":[{"href":"https:\/\/imprimeideas.es\/en\/wp-json\/wp\/v2\/product\/49316","targetHints":{"allow":["GET"]}}],"collection":[{"href":"https:\/\/imprimeideas.es\/en\/wp-json\/wp\/v2\/product"}],"about":[{"href":"https:\/\/imprimeideas.es\/en\/wp-json\/wp\/v2\/types\/product"}],"replies":[{"embeddable":true,"href":"https:\/\/imprimeideas.es\/en\/wp-json\/wp\/v2\/comments?post=49316"}],"version-history":[{"count":1,"href":"https:\/\/imprimeideas.es\/en\/wp-json\/wp\/v2\/product\/49316\/revisions"}],"predecessor-version":[{"id":57990,"href":"https:\/\/imprimeideas.es\/en\/wp-json\/wp\/v2\/product\/49316\/revisions\/57990"}],"wp:featuredmedia":[{"embeddable":true,"href":"https:\/\/imprimeideas.es\/en\/wp-json\/wp\/v2\/media\/71271"}],"wp:attachment":[{"href":"https:\/\/imprimeideas.es\/en\/wp-json\/wp\/v2\/media?parent=49316"}],"wp:term":[{"taxonomy":"product_brand","embeddable":true,"href":"https:\/\/imprimeideas.es\/en\/wp-json\/wp\/v2\/product_brand?post=49316"},{"taxonomy":"product_cat","embeddable":true,"href":"https:\/\/imprimeideas.es\/en\/wp-json\/wp\/v2\/product_cat?post=49316"},{"taxonomy":"product_tag","embeddable":true,"href":"https:\/\/imprimeideas.es\/en\/wp-json\/wp\/v2\/product_tag?post=49316"}],"curies":[{"name":"wp","href":"https:\/\/api.w.org\/{rel}","templated":true}]}}