{"id":49283,"date":"2026-02-24T11:47:24","date_gmt":"2026-02-24T10:47:24","guid":{"rendered":"https:\/\/imprimeideas.es\/?post_type=product&p=49283"},"modified":"2026-02-26T18:08:07","modified_gmt":"2026-02-26T17:08:07","slug":"set-meryl","status":"publish","type":"product","link":"https:\/\/imprimeideas.es\/en\/product\/set-meryl\/","title":{"rendered":"Set Meryl"},"content":{"rendered":"<p>Elegante set premium que incluye:Bloc de notas en RPET en elegante color negro. Incluye cierre el\u00e1stico, bolsillo frontal y marcap\u00e1ginas de tela. Interior con 80 hojas de disposici\u00f3n a una raya. Bol\u00edgrafo en RPET de acabado negro mate, de mecanismo giratorio y tinta azul. Con clip y puntera en pulido metal.Elegante llavero con cinta fabricada en poli\u00e9ster RPET 300D y accesorios cromados.Set presentado en estuche individual de acabado mate, con troquelado interior para cada uno de los elementos del set y tarjeta de RPET en el interior.El material RPET se elabora a partir de pl\u00e1stico reciclado, para as\u00ed fomentar la reutilizaci\u00f3n de residuos pl\u00e1sticos y ayudar a la sostenibilidad del planeta.<\/p>","protected":false},"excerpt":{"rendered":"<p>Bloc Portada R\u00edgida. 80 Hojas. Bol\u00edgrafo. Llavero<\/p>","protected":false},"featured_media":71025,"comment_status":"open","ping_status":"open","template":"","meta":{"inline_featured_image":false},"product_brand":[],"product_cat":[96,106],"product_tag":[],"class_list":{"0":"post-49283","1":"product","2":"type-product","3":"status-publish","4":"has-post-thumbnail","6":"product_cat-oficina-y-negocios","7":"product_cat-regalos-y-premiums","9":"first","10":"instock","11":"taxable","12":"shipping-taxable","13":"purchasable","14":"product-type-variable","15":"has-default-attributes"},"aioseo_notices":[],"_links":{"self":[{"href":"https:\/\/imprimeideas.es\/en\/wp-json\/wp\/v2\/product\/49283","targetHints":{"allow":["GET"]}}],"collection":[{"href":"https:\/\/imprimeideas.es\/en\/wp-json\/wp\/v2\/product"}],"about":[{"href":"https:\/\/imprimeideas.es\/en\/wp-json\/wp\/v2\/types\/product"}],"replies":[{"embeddable":true,"href":"https:\/\/imprimeideas.es\/en\/wp-json\/wp\/v2\/comments?post=49283"}],"version-history":[{"count":1,"href":"https:\/\/imprimeideas.es\/en\/wp-json\/wp\/v2\/product\/49283\/revisions"}],"predecessor-version":[{"id":57979,"href":"https:\/\/imprimeideas.es\/en\/wp-json\/wp\/v2\/product\/49283\/revisions\/57979"}],"wp:featuredmedia":[{"embeddable":true,"href":"https:\/\/imprimeideas.es\/en\/wp-json\/wp\/v2\/media\/71025"}],"wp:attachment":[{"href":"https:\/\/imprimeideas.es\/en\/wp-json\/wp\/v2\/media?parent=49283"}],"wp:term":[{"taxonomy":"product_brand","embeddable":true,"href":"https:\/\/imprimeideas.es\/en\/wp-json\/wp\/v2\/product_brand?post=49283"},{"taxonomy":"product_cat","embeddable":true,"href":"https:\/\/imprimeideas.es\/en\/wp-json\/wp\/v2\/product_cat?post=49283"},{"taxonomy":"product_tag","embeddable":true,"href":"https:\/\/imprimeideas.es\/en\/wp-json\/wp\/v2\/product_tag?post=49283"}],"curies":[{"name":"wp","href":"https:\/\/api.w.org\/{rel}","templated":true}]}}