{"id":49277,"date":"2026-02-24T11:47:23","date_gmt":"2026-02-24T10:47:23","guid":{"rendered":"https:\/\/imprimeideas.es\/?post_type=product&p=49277"},"modified":"2026-02-26T18:13:42","modified_gmt":"2026-02-26T17:13:42","slug":"localizador-zambal","status":"publish","type":"product","link":"https:\/\/imprimeideas.es\/en\/product\/localizador-zambal\/","title":{"rendered":"Localizador Zambal"},"content":{"rendered":"<p>Localizador inteligente con funciones: anti-p\u00e9rdida, b\u00fasqueda de aparcamiento, disparador remoto de fotograf\u00edas y grabaci\u00f3n de voz. Incluye anilla met\u00e1lica extra\u00edble para facilidad de uso. Dispone de APP dedicada para optimizar sus funciones. Compatible con sistemas Android e iOS. Funciona con pilas de bot\u00f3n (incluidas).<\/p>","protected":false},"excerpt":{"rendered":"<p>Conexi\u00f3n Bluetooth. Pila Bot\u00f3n Incluida<\/p>","protected":false},"featured_media":82133,"comment_status":"open","ping_status":"open","template":"","meta":{"inline_featured_image":false},"product_brand":[],"product_cat":[110,106,95],"product_tag":[],"class_list":{"0":"post-49277","1":"product","2":"type-product","3":"status-publish","4":"has-post-thumbnail","6":"product_cat-herramientas-brico-y-automovil","7":"product_cat-regalos-y-premiums","8":"product_cat-tecnologia-y-accesorios","10":"first","11":"instock","12":"taxable","13":"shipping-taxable","14":"purchasable","15":"product-type-variable","16":"has-default-attributes"},"aioseo_notices":[],"_links":{"self":[{"href":"https:\/\/imprimeideas.es\/en\/wp-json\/wp\/v2\/product\/49277","targetHints":{"allow":["GET"]}}],"collection":[{"href":"https:\/\/imprimeideas.es\/en\/wp-json\/wp\/v2\/product"}],"about":[{"href":"https:\/\/imprimeideas.es\/en\/wp-json\/wp\/v2\/types\/product"}],"replies":[{"embeddable":true,"href":"https:\/\/imprimeideas.es\/en\/wp-json\/wp\/v2\/comments?post=49277"}],"version-history":[{"count":1,"href":"https:\/\/imprimeideas.es\/en\/wp-json\/wp\/v2\/product\/49277\/revisions"}],"predecessor-version":[{"id":57977,"href":"https:\/\/imprimeideas.es\/en\/wp-json\/wp\/v2\/product\/49277\/revisions\/57977"}],"wp:featuredmedia":[{"embeddable":true,"href":"https:\/\/imprimeideas.es\/en\/wp-json\/wp\/v2\/media\/82133"}],"wp:attachment":[{"href":"https:\/\/imprimeideas.es\/en\/wp-json\/wp\/v2\/media?parent=49277"}],"wp:term":[{"taxonomy":"product_brand","embeddable":true,"href":"https:\/\/imprimeideas.es\/en\/wp-json\/wp\/v2\/product_brand?post=49277"},{"taxonomy":"product_cat","embeddable":true,"href":"https:\/\/imprimeideas.es\/en\/wp-json\/wp\/v2\/product_cat?post=49277"},{"taxonomy":"product_tag","embeddable":true,"href":"https:\/\/imprimeideas.es\/en\/wp-json\/wp\/v2\/product_tag?post=49277"}],"curies":[{"name":"wp","href":"https:\/\/api.w.org\/{rel}","templated":true}]}}