{"id":49275,"date":"2026-02-24T11:47:23","date_gmt":"2026-02-24T10:47:23","guid":{"rendered":"https:\/\/imprimeideas.es\/?post_type=product&p=49275"},"modified":"2026-02-26T18:23:23","modified_gmt":"2026-02-26T17:23:23","slug":"alarma-personal-lyra","status":"publish","type":"product","link":"https:\/\/imprimeideas.es\/en\/product\/alarma-personal-lyra\/","title":{"rendered":"Alarma Personal Lyra"},"content":{"rendered":"<p>Alarma Personal con linterna LED, equipada con un potente timbre de volumen  para alertar de emergencias. Con sencilla activaci\u00f3n mediante un sistema de tirado de la anilla que activa la alarma de inmediato. Incorpora una linterna LED, ideal para proporcionar iluminaci\u00f3n en condiciones de baja visibilidad. Incluye un mosquet\u00f3n y una anilla met\u00e1lica para facilitar su sujeci\u00f3n a bolsos, mochilas o llaveros, etc. Funcionamiento a pilas de bot\u00f3n (incluidas).<\/p>","protected":false},"excerpt":{"rendered":"<p>1 Led. Pilas Bot\u00f3n Incluidas<\/p>","protected":false},"featured_media":79427,"comment_status":"open","ping_status":"open","template":"","meta":{"inline_featured_image":false},"product_brand":[],"product_cat":[107,106,95],"product_tag":[],"class_list":{"0":"post-49275","1":"product","2":"type-product","3":"status-publish","4":"has-post-thumbnail","6":"product_cat-cuidado-personal-y-pharma","7":"product_cat-regalos-y-premiums","8":"product_cat-tecnologia-y-accesorios","10":"first","11":"outofstock","12":"taxable","13":"shipping-taxable","14":"purchasable","15":"product-type-variable","16":"has-default-attributes"},"aioseo_notices":[],"_links":{"self":[{"href":"https:\/\/imprimeideas.es\/en\/wp-json\/wp\/v2\/product\/49275","targetHints":{"allow":["GET"]}}],"collection":[{"href":"https:\/\/imprimeideas.es\/en\/wp-json\/wp\/v2\/product"}],"about":[{"href":"https:\/\/imprimeideas.es\/en\/wp-json\/wp\/v2\/types\/product"}],"replies":[{"embeddable":true,"href":"https:\/\/imprimeideas.es\/en\/wp-json\/wp\/v2\/comments?post=49275"}],"version-history":[{"count":1,"href":"https:\/\/imprimeideas.es\/en\/wp-json\/wp\/v2\/product\/49275\/revisions"}],"predecessor-version":[{"id":57976,"href":"https:\/\/imprimeideas.es\/en\/wp-json\/wp\/v2\/product\/49275\/revisions\/57976"}],"wp:featuredmedia":[{"embeddable":true,"href":"https:\/\/imprimeideas.es\/en\/wp-json\/wp\/v2\/media\/79427"}],"wp:attachment":[{"href":"https:\/\/imprimeideas.es\/en\/wp-json\/wp\/v2\/media?parent=49275"}],"wp:term":[{"taxonomy":"product_brand","embeddable":true,"href":"https:\/\/imprimeideas.es\/en\/wp-json\/wp\/v2\/product_brand?post=49275"},{"taxonomy":"product_cat","embeddable":true,"href":"https:\/\/imprimeideas.es\/en\/wp-json\/wp\/v2\/product_cat?post=49275"},{"taxonomy":"product_tag","embeddable":true,"href":"https:\/\/imprimeideas.es\/en\/wp-json\/wp\/v2\/product_tag?post=49275"}],"curies":[{"name":"wp","href":"https:\/\/api.w.org\/{rel}","templated":true}]}}